{"id":1252,"date":"2024-04-29T17:20:37","date_gmt":"2024-04-29T15:20:37","guid":{"rendered":"https:\/\/www.lamurallamojacar.es\/politique-de-confidentialite\/"},"modified":"2025-03-17T18:22:41","modified_gmt":"2025-03-17T17:22:41","slug":"politique-de-confidentialite","status":"publish","type":"page","link":"https:\/\/www.lamurallamojacar.es\/fr\/politique-de-confidentialite\/","title":{"rendered":"Politique de confidentialit\u00e9"},"content":{"rendered":"\t\t<div data-elementor-type=\"wp-page\" data-elementor-id=\"1252\" class=\"elementor elementor-1252 elementor-316\" data-elementor-post-type=\"page\">\n\t\t\t\t\t\t<section class=\"elementor-section elementor-top-section elementor-element elementor-element-90b5292 elementor-section-height-min-height pt-section-content-fullwidth pt_scroll_y_90 pt-parallax-on-scroll elementor-section-boxed elementor-section-height-default elementor-section-items-middle\" data-id=\"90b5292\" data-element_type=\"section\" data-settings=\"{&quot;background_background&quot;:&quot;classic&quot;,&quot;shape_divider_bottom&quot;:&quot;mountains&quot;}\" data-pt-parallax-y=\"90\" style=\"background-image: none;\" data-pt-background-image=\"https:\/\/www.lamurallamojacar.es\/wp-content\/uploads\/2024\/04\/slider2.jpg\">\n\t\t\t\t\t\t\t<div class=\"elementor-background-overlay\"><\/div>\n\t\t\t\t\t\t<div class=\"elementor-shape elementor-shape-bottom\" data-negative=\"false\">\n\t\t\t<svg xmlns=\"http:\/\/www.w3.org\/2000\/svg\" viewBox=\"0 0 1000 100\" preserveAspectRatio=\"none\">\n\t<path class=\"elementor-shape-fill\" opacity=\"0.33\" d=\"M473,67.3c-203.9,88.3-263.1-34-320.3,0C66,119.1,0,59.7,0,59.7V0h1000v59.7 c0,0-62.1,26.1-94.9,29.3c-32.8,3.3-62.8-12.3-75.8-22.1C806,49.6,745.3,8.7,694.9,4.7S492.4,59,473,67.3z\"\/>\n\t<path class=\"elementor-shape-fill\" opacity=\"0.66\" d=\"M734,67.3c-45.5,0-77.2-23.2-129.1-39.1c-28.6-8.7-150.3-10.1-254,39.1 s-91.7-34.4-149.2,0C115.7,118.3,0,39.8,0,39.8V0h1000v36.5c0,0-28.2-18.5-92.1-18.5C810.2,18.1,775.7,67.3,734,67.3z\"\/>\n\t<path class=\"elementor-shape-fill\" d=\"M766.1,28.9c-200-57.5-266,65.5-395.1,19.5C242,1.8,242,5.4,184.8,20.6C128,35.8,132.3,44.9,89.9,52.5C28.6,63.7,0,0,0,0 h1000c0,0-9.9,40.9-83.6,48.1S829.6,47,766.1,28.9z\"\/>\n<\/svg>\t\t<\/div>\n\t\t\t\t\t<div class=\"elementor-container elementor-column-gap-default\">\n\t\t\t\t\t<div class=\"elementor-column elementor-col-100 elementor-top-column elementor-element elementor-element-f803515\" data-id=\"f803515\" data-element_type=\"column\">\n\t\t\t<div class=\"elementor-widget-wrap elementor-element-populated\">\n\t\t\t\t\t\t<div class=\"elementor-element elementor-element-e286651 elementor-widget elementor-widget-pt_title\" data-id=\"e286651\" data-element_type=\"widget\" data-widget_type=\"pt_title.default\">\n\t\t\t\t<div class=\"elementor-widget-container\">\n\t\t\t\n        <div class=\"pt-title-wrap text-center\">\t            <h1 class=\"pt-title\">\n\t                Politique de confidentialit\u00e9\r\n\t            <\/h1>        <\/div>\t\t<\/div>\n\t\t\t\t<\/div>\n\t\t\t\t\t<\/div>\n\t\t<\/div>\n\t\t\t\t\t<\/div>\n\t\t<\/section>\n\t\t\t\t<section class=\"elementor-section elementor-top-section elementor-element elementor-element-ebf9bde elementor-section-boxed elementor-section-height-default elementor-section-height-default\" data-id=\"ebf9bde\" data-element_type=\"section\">\n\t\t\t\t\t\t<div class=\"elementor-container elementor-column-gap-default\">\n\t\t\t\t\t<div class=\"elementor-column elementor-col-100 elementor-top-column elementor-element elementor-element-722a9af\" data-id=\"722a9af\" data-element_type=\"column\">\n\t\t\t<div class=\"elementor-widget-wrap elementor-element-populated\">\n\t\t\t\t\t\t<div class=\"elementor-element elementor-element-59652f9 elementor-widget elementor-widget-text-editor\" data-id=\"59652f9\" data-element_type=\"widget\" data-widget_type=\"text-editor.default\">\n\t\t\t\t<div class=\"elementor-widget-container\">\n\t\t\t<style>\/*! elementor - v3.20.0 - 26-03-2024 *\/\n.elementor-widget-text-editor.elementor-drop-cap-view-stacked .elementor-drop-cap{background-color:#69727d;color:#fff}.elementor-widget-text-editor.elementor-drop-cap-view-framed .elementor-drop-cap{color:#69727d;border:3px solid;background-color:transparent}.elementor-widget-text-editor:not(.elementor-drop-cap-view-default) .elementor-drop-cap{margin-top:8px}.elementor-widget-text-editor:not(.elementor-drop-cap-view-default) .elementor-drop-cap-letter{width:1em;height:1em}.elementor-widget-text-editor .elementor-drop-cap{float:left;text-align:center;line-height:1;font-size:50px}.elementor-widget-text-editor .elementor-drop-cap-letter{display:inline-block}<\/style>\t\t\t\t<h3><strong>PROTECTION DES DONN\u00c9ES<\/strong><\/h3><p>L.O.P.D 15\/1999 : <b>La Muralla<\/b> vous informe que les donn\u00e9es personnelles que vous nous avez fournies volontairement sont vraies et seront incorpor\u00e9es dans le fichier du formulaire de contact Web. Le but est de g\u00e9rer les services ou produits que nous fournissons ou demandons via le site Web. Vos donn\u00e9es personnelles ne seront transf\u00e9r\u00e9es \u00e0 aucun type d&rsquo;organisation, ni publique ni priv\u00e9e, \u00e0 l&rsquo;exception de celles qui, pour des raisons d&rsquo;obligations l\u00e9gales et pour la fourniture des services contract\u00e9s, doivent le faire.<\/p><p>Les personnes concern\u00e9es pourront exercer leurs droits d&rsquo;acc\u00e8s, de rectification, d&rsquo;annulation et d&rsquo;opposition, \u00e0 l&rsquo;encontre du responsable du Dossier \u00e0 notre adresse. <strong>Calle Arco de Luciana, s\/n, 04638 Moj\u00e1car, Almer\u00eda<\/strong><strong> \/ E-mail : info@lamurallamojacar.es<\/strong><\/p><p>J&rsquo;autorise \u00e0 recevoir des publicit\u00e9s de <strong>La Muralla<\/strong> par e-mail.<\/p><p>\u00c0 ces fins, <strong>La Muralla<\/strong> s&rsquo;engage \u00e0 NE PAS ENVOYER DE COMMUNICATIONS COMMERCIALES SANS LES IDENTIFIER COMME TELLES, conform\u00e9ment aux dispositions de la loi 34\/2002 sur les services de la soci\u00e9t\u00e9 de l&rsquo;information et le commerce \u00e9lectronique. Toutes les informations envoy\u00e9es \u00e0 l&rsquo;utilisateur du portail <strong>La Muralla<\/strong> ne seront pas consid\u00e9r\u00e9es comme des communications commerciales, \u00e0 condition que leur finalit\u00e9 soit le maintien de la relation contractuelle existante entre le client et <strong>La Muralla<\/strong>, ainsi que l&rsquo;ex\u00e9cution des activit\u00e9s d&rsquo;information, de formation et autres activit\u00e9s de service que le client a contract\u00e9es avec l&rsquo;entreprise.<\/p><p><strong>La Muralla<\/strong> s&rsquo;engage par la pr\u00e9sente \u00e0 NE PAS FAIRE DE PUBLICIT\u00c9 TROMPEURE. \u00c0 ces fins, par cons\u00e9quent, les erreurs formelles ou num\u00e9riques qui pourraient se trouver dans le contenu des diff\u00e9rentes sections du site Web <strong>La Muralla<\/strong>, produites \u00e0 la suite d&rsquo;une maintenance et\/ou d&rsquo;une mise \u00e0 jour incompl\u00e8te ou d\u00e9fectueuse des informations contenues dans ces sections, ne seront pas consid\u00e9r\u00e9es comme de la publicit\u00e9 trompeuse. <strong>La Muralla<\/strong>, en cons\u00e9quence des dispositions de cette section, s&rsquo;engage \u00e0 le corriger d\u00e8s qu&rsquo;elle aura connaissance desdites erreurs.<\/p>\t\t\t\t\t\t<\/div>\n\t\t\t\t<\/div>\n\t\t\t\t\t<\/div>\n\t\t<\/div>\n\t\t\t\t\t<\/div>\n\t\t<\/section>\n\t\t\t\t<\/div>\n\t\t","protected":false},"excerpt":{"rendered":"<p>Politique de confidentialit\u00e9 PROTECTION DES DONN\u00c9ES L.O.P.D 15\/1999 : La Muralla vous informe que les donn\u00e9es personnelles que vous nous avez fournies volontairement sont vraies et seront incorpor\u00e9es dans le fichier du formulaire de contact Web. Le but est de g\u00e9rer les services ou produits que nous fournissons ou demandons via le site Web. Vos &#8230;<\/p>\n","protected":false},"author":1,"featured_media":0,"parent":0,"menu_order":0,"comment_status":"closed","ping_status":"closed","template":"template-wide-content.php","meta":{"patiotime_single_page_hide_site_header":"","patiotime_single_page_site_header_source":"","patiotime_single_page_custom_site_header":"0","patiotime_single_page_custom_sticky_site_header":"0","patiotime_single_page_custom_page_title_margin_top_source":"","patiotime_single_page_custom_page_title_desktop_margin_top":"","patiotime_single_page_custom_page_title_tablet_margin_top":"","patiotime_single_page_custom_page_title_mobile_margin_top":"","patiotime_single_page_hide_page_title":"on","patiotime_single_page_header_section_size":"","patiotime_single_page_header_background_color":"","patiotime_single_page_header_background_position_x":"center","patiotime_single_page_header_background_position_y":"center","patiotime_single_page_header_background_size":"cover","patiotime_single_page_header_background_repeat":"off","patiotime_single_page_header_background_scroll":"on","patiotime_single_page_header_text_color":"","patiotime_single_page_header_show_breadcrumb":"","patiotime_single_page_site_footer_hide_main":"","patiotime_single_custom_site_footer_main_source":"","patiotime_single_custom_site_footer_main":"0","patiotime_single_page_site_footer_hide_above":"","patiotime_single_custom_site_footer_above_source":"","patiotime_single_custom_site_footer_above":"0","patiotime_single_page_site_footer_hide_instagram":"","patiotime_single_page_site_footer_hide_bottom":"","patiotime_single_custom_mobile_menu_source":"","patiotime_single_custom_mobile_menu":"0","patiotime_single_custom_mobile_menu_animation":"","patiotime_single_custom_mobile_menu_width":"","patiotime_single_custom_mobile_menu_custom_width":375,"footnotes":""},"class_list":["post-1252","page","type-page","status-publish","hentry"],"yoast_head":"<!-- This site is optimized with the Yoast SEO plugin v27.1.1 - https:\/\/yoast.com\/product\/yoast-seo-wordpress\/ -->\n<title>Politique de confidentialit\u00e9 - La Muralla Moj\u00e1car<\/title>\n<meta name=\"robots\" content=\"index, follow, max-snippet:-1, max-image-preview:large, max-video-preview:-1\" \/>\n<link rel=\"canonical\" href=\"https:\/\/www.lamurallamojacar.es\/fr\/politique-de-confidentialite\/\" \/>\n<meta property=\"og:locale\" content=\"fr_FR\" \/>\n<meta property=\"og:type\" content=\"article\" \/>\n<meta property=\"og:title\" content=\"Politique de confidentialit\u00e9 - La Muralla Moj\u00e1car\" \/>\n<meta property=\"og:description\" content=\"Politique de confidentialit\u00e9 PROTECTION DES DONN\u00c9ES L.O.P.D 15\/1999 : La Muralla vous informe que les donn\u00e9es personnelles que vous nous avez fournies volontairement sont vraies et seront incorpor\u00e9es dans le fichier du formulaire de contact Web. Le but est de g\u00e9rer les services ou produits que nous fournissons ou demandons via le site Web. Vos ...\" \/>\n<meta property=\"og:url\" content=\"https:\/\/www.lamurallamojacar.es\/fr\/politique-de-confidentialite\/\" \/>\n<meta property=\"og:site_name\" content=\"La Muralla Moj\u00e1car\" \/>\n<meta property=\"article:modified_time\" content=\"2025-03-17T17:22:41+00:00\" \/>\n<meta name=\"twitter:card\" content=\"summary_large_image\" \/>\n<meta name=\"twitter:label1\" content=\"Dur\u00e9e de lecture estim\u00e9e\" \/>\n\t<meta name=\"twitter:data1\" content=\"2 minutes\" \/>\n<script type=\"application\/ld+json\" class=\"yoast-schema-graph\">{\"@context\":\"https:\/\/schema.org\",\"@graph\":[{\"@type\":\"WebPage\",\"@id\":\"https:\/\/www.lamurallamojacar.es\/fr\/politique-de-confidentialite\/\",\"url\":\"https:\/\/www.lamurallamojacar.es\/fr\/politique-de-confidentialite\/\",\"name\":\"Politique de confidentialit\u00e9 - La Muralla Moj\u00e1car\",\"isPartOf\":{\"@id\":\"https:\/\/www.lamurallamojacar.es\/#website\"},\"datePublished\":\"2024-04-29T15:20:37+00:00\",\"dateModified\":\"2025-03-17T17:22:41+00:00\",\"breadcrumb\":{\"@id\":\"https:\/\/www.lamurallamojacar.es\/fr\/politique-de-confidentialite\/#breadcrumb\"},\"inLanguage\":\"fr-FR\",\"potentialAction\":[{\"@type\":\"ReadAction\",\"target\":[\"https:\/\/www.lamurallamojacar.es\/fr\/politique-de-confidentialite\/\"]}]},{\"@type\":\"BreadcrumbList\",\"@id\":\"https:\/\/www.lamurallamojacar.es\/fr\/politique-de-confidentialite\/#breadcrumb\",\"itemListElement\":[{\"@type\":\"ListItem\",\"position\":1,\"name\":\"Portada\",\"item\":\"https:\/\/www.lamurallamojacar.es\/fr\/\"},{\"@type\":\"ListItem\",\"position\":2,\"name\":\"Politique de confidentialit\u00e9\"}]},{\"@type\":\"WebSite\",\"@id\":\"https:\/\/www.lamurallamojacar.es\/#website\",\"url\":\"https:\/\/www.lamurallamojacar.es\/\",\"name\":\"La Muralla Moj\u00e1car\",\"description\":\"Sabor Mediterr\u00e1neo en Moj\u00e1car Pueblo\",\"publisher\":{\"@id\":\"https:\/\/www.lamurallamojacar.es\/#organization\"},\"potentialAction\":[{\"@type\":\"SearchAction\",\"target\":{\"@type\":\"EntryPoint\",\"urlTemplate\":\"https:\/\/www.lamurallamojacar.es\/?s={search_term_string}\"},\"query-input\":{\"@type\":\"PropertyValueSpecification\",\"valueRequired\":true,\"valueName\":\"search_term_string\"}}],\"inLanguage\":\"fr-FR\"},{\"@type\":\"Organization\",\"@id\":\"https:\/\/www.lamurallamojacar.es\/#organization\",\"name\":\"La Muralla Moj\u00e1car\",\"url\":\"https:\/\/www.lamurallamojacar.es\/\",\"logo\":{\"@type\":\"ImageObject\",\"inLanguage\":\"fr-FR\",\"@id\":\"https:\/\/www.lamurallamojacar.es\/#\/schema\/logo\/image\/\",\"url\":\"https:\/\/www.lamurallamojacar.es\/wp-content\/uploads\/2024\/04\/logo.png\",\"contentUrl\":\"https:\/\/www.lamurallamojacar.es\/wp-content\/uploads\/2024\/04\/logo.png\",\"width\":200,\"height\":106,\"caption\":\"La Muralla Moj\u00e1car\"},\"image\":{\"@id\":\"https:\/\/www.lamurallamojacar.es\/#\/schema\/logo\/image\/\"}}]}<\/script>\n<!-- \/ Yoast SEO plugin. -->","yoast_head_json":{"title":"Politique de confidentialit\u00e9 - La Muralla Moj\u00e1car","robots":{"index":"index","follow":"follow","max-snippet":"max-snippet:-1","max-image-preview":"max-image-preview:large","max-video-preview":"max-video-preview:-1"},"canonical":"https:\/\/www.lamurallamojacar.es\/fr\/politique-de-confidentialite\/","og_locale":"fr_FR","og_type":"article","og_title":"Politique de confidentialit\u00e9 - La Muralla Moj\u00e1car","og_description":"Politique de confidentialit\u00e9 PROTECTION DES DONN\u00c9ES L.O.P.D 15\/1999 : La Muralla vous informe que les donn\u00e9es personnelles que vous nous avez fournies volontairement sont vraies et seront incorpor\u00e9es dans le fichier du formulaire de contact Web. Le but est de g\u00e9rer les services ou produits que nous fournissons ou demandons via le site Web. Vos ...","og_url":"https:\/\/www.lamurallamojacar.es\/fr\/politique-de-confidentialite\/","og_site_name":"La Muralla Moj\u00e1car","article_modified_time":"2025-03-17T17:22:41+00:00","twitter_card":"summary_large_image","twitter_misc":{"Dur\u00e9e de lecture estim\u00e9e":"2 minutes"},"schema":{"@context":"https:\/\/schema.org","@graph":[{"@type":"WebPage","@id":"https:\/\/www.lamurallamojacar.es\/fr\/politique-de-confidentialite\/","url":"https:\/\/www.lamurallamojacar.es\/fr\/politique-de-confidentialite\/","name":"Politique de confidentialit\u00e9 - La Muralla Moj\u00e1car","isPartOf":{"@id":"https:\/\/www.lamurallamojacar.es\/#website"},"datePublished":"2024-04-29T15:20:37+00:00","dateModified":"2025-03-17T17:22:41+00:00","breadcrumb":{"@id":"https:\/\/www.lamurallamojacar.es\/fr\/politique-de-confidentialite\/#breadcrumb"},"inLanguage":"fr-FR","potentialAction":[{"@type":"ReadAction","target":["https:\/\/www.lamurallamojacar.es\/fr\/politique-de-confidentialite\/"]}]},{"@type":"BreadcrumbList","@id":"https:\/\/www.lamurallamojacar.es\/fr\/politique-de-confidentialite\/#breadcrumb","itemListElement":[{"@type":"ListItem","position":1,"name":"Portada","item":"https:\/\/www.lamurallamojacar.es\/fr\/"},{"@type":"ListItem","position":2,"name":"Politique de confidentialit\u00e9"}]},{"@type":"WebSite","@id":"https:\/\/www.lamurallamojacar.es\/#website","url":"https:\/\/www.lamurallamojacar.es\/","name":"La Muralla Moj\u00e1car","description":"Sabor Mediterr\u00e1neo en Moj\u00e1car Pueblo","publisher":{"@id":"https:\/\/www.lamurallamojacar.es\/#organization"},"potentialAction":[{"@type":"SearchAction","target":{"@type":"EntryPoint","urlTemplate":"https:\/\/www.lamurallamojacar.es\/?s={search_term_string}"},"query-input":{"@type":"PropertyValueSpecification","valueRequired":true,"valueName":"search_term_string"}}],"inLanguage":"fr-FR"},{"@type":"Organization","@id":"https:\/\/www.lamurallamojacar.es\/#organization","name":"La Muralla Moj\u00e1car","url":"https:\/\/www.lamurallamojacar.es\/","logo":{"@type":"ImageObject","inLanguage":"fr-FR","@id":"https:\/\/www.lamurallamojacar.es\/#\/schema\/logo\/image\/","url":"https:\/\/www.lamurallamojacar.es\/wp-content\/uploads\/2024\/04\/logo.png","contentUrl":"https:\/\/www.lamurallamojacar.es\/wp-content\/uploads\/2024\/04\/logo.png","width":200,"height":106,"caption":"La Muralla Moj\u00e1car"},"image":{"@id":"https:\/\/www.lamurallamojacar.es\/#\/schema\/logo\/image\/"}}]}},"_links":{"self":[{"href":"https:\/\/www.lamurallamojacar.es\/fr\/wp-json\/wp\/v2\/pages\/1252","targetHints":{"allow":["GET"]}}],"collection":[{"href":"https:\/\/www.lamurallamojacar.es\/fr\/wp-json\/wp\/v2\/pages"}],"about":[{"href":"https:\/\/www.lamurallamojacar.es\/fr\/wp-json\/wp\/v2\/types\/page"}],"author":[{"embeddable":true,"href":"https:\/\/www.lamurallamojacar.es\/fr\/wp-json\/wp\/v2\/users\/1"}],"replies":[{"embeddable":true,"href":"https:\/\/www.lamurallamojacar.es\/fr\/wp-json\/wp\/v2\/comments?post=1252"}],"version-history":[{"count":5,"href":"https:\/\/www.lamurallamojacar.es\/fr\/wp-json\/wp\/v2\/pages\/1252\/revisions"}],"predecessor-version":[{"id":1257,"href":"https:\/\/www.lamurallamojacar.es\/fr\/wp-json\/wp\/v2\/pages\/1252\/revisions\/1257"}],"wp:attachment":[{"href":"https:\/\/www.lamurallamojacar.es\/fr\/wp-json\/wp\/v2\/media?parent=1252"}],"curies":[{"name":"wp","href":"https:\/\/api.w.org\/{rel}","templated":true}]}}