{"id":803,"date":"2024-04-29T17:19:56","date_gmt":"2024-04-29T15:19:56","guid":{"rendered":"https:\/\/www.lamurallamojacar.es\/legal-notice\/"},"modified":"2024-05-15T10:35:33","modified_gmt":"2024-05-15T08:35:33","slug":"legal-notice","status":"publish","type":"page","link":"https:\/\/www.lamurallamojacar.es\/en\/legal-notice\/","title":{"rendered":"Legal Notice"},"content":{"rendered":"\t\t<div data-elementor-type=\"wp-page\" data-elementor-id=\"803\" class=\"elementor elementor-803 elementor-314\" data-elementor-post-type=\"page\">\n\t\t\t\t\t\t<section class=\"elementor-section elementor-top-section elementor-element elementor-element-84bcfd3 elementor-section-height-min-height pt-section-content-fullwidth pt_scroll_y_90 pt-parallax-on-scroll elementor-section-boxed elementor-section-height-default elementor-section-items-middle\" data-id=\"84bcfd3\" data-element_type=\"section\" data-settings=\"{&quot;background_background&quot;:&quot;classic&quot;,&quot;shape_divider_bottom&quot;:&quot;mountains&quot;}\" data-pt-parallax-y=\"90\" style=\"background-image: none;\" data-pt-background-image=\"https:\/\/www.lamurallamojacar.es\/wp-content\/uploads\/2024\/04\/slider2.jpg\">\n\t\t\t\t\t\t\t<div class=\"elementor-background-overlay\"><\/div>\n\t\t\t\t\t\t<div class=\"elementor-shape elementor-shape-bottom\" data-negative=\"false\">\n\t\t\t<svg xmlns=\"http:\/\/www.w3.org\/2000\/svg\" viewBox=\"0 0 1000 100\" preserveAspectRatio=\"none\">\n\t<path class=\"elementor-shape-fill\" opacity=\"0.33\" d=\"M473,67.3c-203.9,88.3-263.1-34-320.3,0C66,119.1,0,59.7,0,59.7V0h1000v59.7 c0,0-62.1,26.1-94.9,29.3c-32.8,3.3-62.8-12.3-75.8-22.1C806,49.6,745.3,8.7,694.9,4.7S492.4,59,473,67.3z\"\/>\n\t<path class=\"elementor-shape-fill\" opacity=\"0.66\" d=\"M734,67.3c-45.5,0-77.2-23.2-129.1-39.1c-28.6-8.7-150.3-10.1-254,39.1 s-91.7-34.4-149.2,0C115.7,118.3,0,39.8,0,39.8V0h1000v36.5c0,0-28.2-18.5-92.1-18.5C810.2,18.1,775.7,67.3,734,67.3z\"\/>\n\t<path class=\"elementor-shape-fill\" d=\"M766.1,28.9c-200-57.5-266,65.5-395.1,19.5C242,1.8,242,5.4,184.8,20.6C128,35.8,132.3,44.9,89.9,52.5C28.6,63.7,0,0,0,0 h1000c0,0-9.9,40.9-83.6,48.1S829.6,47,766.1,28.9z\"\/>\n<\/svg>\t\t<\/div>\n\t\t\t\t\t<div class=\"elementor-container elementor-column-gap-default\">\n\t\t\t\t\t<div class=\"elementor-column elementor-col-100 elementor-top-column elementor-element elementor-element-a2956a0\" data-id=\"a2956a0\" data-element_type=\"column\">\n\t\t\t<div class=\"elementor-widget-wrap elementor-element-populated\">\n\t\t\t\t\t\t<div class=\"elementor-element elementor-element-dc80cbf elementor-widget elementor-widget-pt_title\" data-id=\"dc80cbf\" data-element_type=\"widget\" data-widget_type=\"pt_title.default\">\n\t\t\t\t<div class=\"elementor-widget-container\">\n\t\t\t\n        <div class=\"pt-title-wrap text-center\">\t            <h1 class=\"pt-title\">\n\t                Legal Notice\t            <\/h1>        <\/div>\t\t<\/div>\n\t\t\t\t<\/div>\n\t\t\t\t\t<\/div>\n\t\t<\/div>\n\t\t\t\t\t<\/div>\n\t\t<\/section>\n\t\t\t\t<section class=\"elementor-section elementor-top-section elementor-element elementor-element-dcbe5b4 elementor-section-boxed elementor-section-height-default elementor-section-height-default\" data-id=\"dcbe5b4\" data-element_type=\"section\">\n\t\t\t\t\t\t<div class=\"elementor-container elementor-column-gap-default\">\n\t\t\t\t\t<div class=\"elementor-column elementor-col-100 elementor-top-column elementor-element elementor-element-cf7ab79\" data-id=\"cf7ab79\" data-element_type=\"column\">\n\t\t\t<div class=\"elementor-widget-wrap elementor-element-populated\">\n\t\t\t\t\t\t<div class=\"elementor-element elementor-element-5034463 elementor-widget elementor-widget-text-editor\" data-id=\"5034463\" data-element_type=\"widget\" data-widget_type=\"text-editor.default\">\n\t\t\t\t<div class=\"elementor-widget-container\">\n\t\t\t<style>\/*! elementor - v3.20.0 - 26-03-2024 *\/\n.elementor-widget-text-editor.elementor-drop-cap-view-stacked .elementor-drop-cap{background-color:#69727d;color:#fff}.elementor-widget-text-editor.elementor-drop-cap-view-framed .elementor-drop-cap{color:#69727d;border:3px solid;background-color:transparent}.elementor-widget-text-editor:not(.elementor-drop-cap-view-default) .elementor-drop-cap{margin-top:8px}.elementor-widget-text-editor:not(.elementor-drop-cap-view-default) .elementor-drop-cap-letter{width:1em;height:1em}.elementor-widget-text-editor .elementor-drop-cap{float:left;text-align:center;line-height:1;font-size:50px}.elementor-widget-text-editor .elementor-drop-cap-letter{display:inline-block}<\/style>\t\t\t\t<h3><strong>LEGAL NOTICE: Data collection on the website (LSSICE + LOPD)<\/strong><\/h3>\n<p>In compliance with the General Data Protection Regulation (EU) 2016\/679 of the European Parliament and of the Council of April 27, 2016 and the organic law 3\/2018 of December 5 on the Protection of Personal Data and Guarantee of Digital Rights, we inform you that the data you provide will be processed by MARINA NUEVO SIGLO S.L. with CIF B04607966, with address in MOJACAR (ALMER\u00cdA), C.P. 04638, CALLE ARCOS DE LUCIANA N\u00ba 1, with the purpose of providing you with the requested and\/or contracted service, billing it.<\/p>\n<p>The legal basis for the processing of your data is the execution of the service by you hired and\/or requested. The prospective offer of products and services is based on the consent requested, without in any case the withdrawal of this consent conditioning the execution of the contract.<\/p>\n<p>The data provided will be kept as long as the relationship is maintained. commercial or for the years necessary to comply with legal obligations. The data will not be transferred to third parties except in cases where there is a legal obligation.<\/p>\n<p>You have the right to obtain confirmation as to whether MARINA NUEVO SIGLO S.L. We are processing your personal data and therefore you have the right to exercise your rights of access, rectification, limitation of processing, portability, opposition to processing and deletion of your data by writing to the postal address mentioned above or email pemomi1@yahoo.es, attaching a copy of the DNI in both cases, as well as the right to file a claim with the Control Authority (aepd.es).<\/p>\n<p>We also request your authorization to offer you products and services related to those requested, provided and\/or marketed by our entity and thus be able to build customer loyalty.<\/p>\n\t\t\t\t\t\t<\/div>\n\t\t\t\t<\/div>\n\t\t\t\t\t<\/div>\n\t\t<\/div>\n\t\t\t\t\t<\/div>\n\t\t<\/section>\n\t\t\t\t<section class=\"elementor-section elementor-top-section elementor-element elementor-element-21fb4ba elementor-section-boxed elementor-section-height-default elementor-section-height-default\" data-id=\"21fb4ba\" data-element_type=\"section\">\n\t\t\t\t\t\t<div class=\"elementor-container elementor-column-gap-default\">\n\t\t\t\t\t<div class=\"elementor-column elementor-col-100 elementor-top-column elementor-element elementor-element-b483b05\" data-id=\"b483b05\" data-element_type=\"column\">\n\t\t\t<div class=\"elementor-widget-wrap elementor-element-populated\">\n\t\t\t\t\t\t<div class=\"elementor-element elementor-element-a4ce3bb elementor-widget elementor-widget-text-editor\" data-id=\"a4ce3bb\" data-element_type=\"widget\" data-widget_type=\"text-editor.default\">\n\t\t\t\t<div class=\"elementor-widget-container\">\n\t\t\t\t\t\t\t<h3><strong>1.) IDENTIFICATION OF THE SERVICE PROVIDER<\/strong><\/h3>\n<p>In compliance with the duty of general information, contained in article 10 of Law 34\/2002, of 11 July, Information Society Services and Electronic Commerce, information society service providers must offer, the following data is reflected below:<\/p>\n<p>The <strong>owner company<\/ strong> of the website <strong>www.lamurallamojacar.es<\/strong> is <strong>Marina Nuevo Siglo S.L.<\/strong> with N.I.F.: B04607966 and address at <strong>Calle Arco de Luciana, s\/n, 04638 Moj\u00e1car, Almeria<\/strong>.<\/p>\n\t\t\t\t\t\t<\/div>\n\t\t\t\t<\/div>\n\t\t\t\t\t<\/div>\n\t\t<\/div>\n\t\t\t\t\t<\/div>\n\t\t<\/section>\n\t\t\t\t<section class=\"elementor-section elementor-top-section elementor-element elementor-element-7769faa elementor-section-boxed elementor-section-height-default elementor-section-height-default\" data-id=\"7769faa\" data-element_type=\"section\">\n\t\t\t\t\t\t<div class=\"elementor-container elementor-column-gap-default\">\n\t\t\t\t\t<div class=\"elementor-column elementor-col-100 elementor-top-column elementor-element elementor-element-fdc6bc1\" data-id=\"fdc6bc1\" data-element_type=\"column\">\n\t\t\t<div class=\"elementor-widget-wrap elementor-element-populated\">\n\t\t\t\t\t\t<div class=\"elementor-element elementor-element-dbfd0ca elementor-widget elementor-widget-text-editor\" data-id=\"dbfd0ca\" data-element_type=\"widget\" data-widget_type=\"text-editor.default\">\n\t\t\t\t<div class=\"elementor-widget-container\">\n\t\t\t\t\t\t\t<h3><strong>2.) NOTICE ABOUT THE DATA PRIVACY POLICY:<\/strong><\/h3>\n<p>For the purposes of the provisions of Organic Law 15\/1999, of December 13, on Protection of Personal Data (LOPD), we inform users that the personal data entered voluntarily will be saved in the Web Contact Form file whose purpose is so that <strong>La Muralla<\/strong> can offer them the services that are most adapt to your needs and preferences.<\/p>\n<p><strong>La Muralla<\/strong> guarantees the security and confidentiality of the data provided. In this way, it undertakes to comply with its obligation to secrecy of personal data and its duty to save it and adopt all necessary measures to prevent its alteration, loss, processing or unauthorized use. Therefore, all the information you provide us will not be transferred to third parties except in cases where it is necessary to do so due to legal obligation or for the correct provision of the contracted services.<\/p>\n<p>You may at any time exercise the rights of access, rectification, cancellation and opposition, communicating it in writing to our email address: <strong>info@lamurallamojacar.es<\/strong><\/p>\n\t\t\t\t\t\t<\/div>\n\t\t\t\t<\/div>\n\t\t\t\t\t<\/div>\n\t\t<\/div>\n\t\t\t\t\t<\/div>\n\t\t<\/section>\n\t\t\t\t<section class=\"elementor-section elementor-top-section elementor-element elementor-element-b387108 elementor-section-boxed elementor-section-height-default elementor-section-height-default\" data-id=\"b387108\" data-element_type=\"section\">\n\t\t\t\t\t\t<div class=\"elementor-container elementor-column-gap-default\">\n\t\t\t\t\t<div class=\"elementor-column elementor-col-100 elementor-top-column elementor-element elementor-element-af68b26\" data-id=\"af68b26\" data-element_type=\"column\">\n\t\t\t<div class=\"elementor-widget-wrap elementor-element-populated\">\n\t\t\t\t\t\t<div class=\"elementor-element elementor-element-a9675d6 elementor-widget elementor-widget-text-editor\" data-id=\"a9675d6\" data-element_type=\"widget\" data-widget_type=\"text-editor.default\">\n\t\t\t\t<div class=\"elementor-widget-container\">\n\t\t\t\t\t\t\t<h3><strong>3.) MISCELLANEOUS:<\/strong><\/h3>\n<p><strong>A.-<\/strong> <strong>La Muralla<\/strong> uses cookies that will be stored on your computer . Cookies are small files that our computer sends to yours, but they do not provide us with information about your name or any of your personal data. When the user is browsing the <strong>La Muralla<\/strong> web pages, the server where it is hosted automatically recognizes the IP address of their computer, the day and time in which the visit begins, in which who leaves the visit, as well as information about the different sections consulted. It is necessary that the server knows this data to be able to communicate and send the request made and that it can be seen on the screen through the browser.<\/p>\n<p><strong>B.- La Muralla<\/strong> may modify , without prior notice, the information contained on its website, as well as its configuration and presentation.<\/p>\n<p><strong>C.- La Muralla<\/strong> is not responsible for non-compliance with any applicable rule in that the user may incur in his access to the website and\/or in the use of the information contained therein.<\/p>\n\t\t\t\t\t\t<\/div>\n\t\t\t\t<\/div>\n\t\t\t\t\t<\/div>\n\t\t<\/div>\n\t\t\t\t\t<\/div>\n\t\t<\/section>\n\t\t\t\t<\/div>\n\t\t","protected":false},"excerpt":{"rendered":"<p>Legal Notice LEGAL NOTICE: Data collection on the website (LSSICE + LOPD) In compliance with the General Data Protection Regulation (EU) 2016\/679 of the European Parliament and of the Council of April 27, 2016 and the organic law 3\/2018 of December 5 on the Protection of Personal Data and Guarantee of Digital Rights, we inform &#8230;<\/p>\n","protected":false},"author":1,"featured_media":0,"parent":0,"menu_order":0,"comment_status":"closed","ping_status":"closed","template":"template-wide-content.php","meta":{"patiotime_single_page_hide_site_header":"","patiotime_single_page_site_header_source":"","patiotime_single_page_custom_site_header":"0","patiotime_single_page_custom_sticky_site_header":"0","patiotime_single_page_custom_page_title_margin_top_source":"","patiotime_single_page_custom_page_title_desktop_margin_top":"","patiotime_single_page_custom_page_title_tablet_margin_top":"","patiotime_single_page_custom_page_title_mobile_margin_top":"","patiotime_single_page_hide_page_title":"on","patiotime_single_page_header_section_size":"","patiotime_single_page_header_background_color":"","patiotime_single_page_header_background_position_x":"center","patiotime_single_page_header_background_position_y":"center","patiotime_single_page_header_background_size":"cover","patiotime_single_page_header_background_repeat":"off","patiotime_single_page_header_background_scroll":"on","patiotime_single_page_header_text_color":"","patiotime_single_page_header_show_breadcrumb":"","patiotime_single_page_site_footer_hide_main":"","patiotime_single_custom_site_footer_main_source":"","patiotime_single_custom_site_footer_main":"0","patiotime_single_page_site_footer_hide_above":"","patiotime_single_custom_site_footer_above_source":"","patiotime_single_custom_site_footer_above":"0","patiotime_single_page_site_footer_hide_instagram":"","patiotime_single_page_site_footer_hide_bottom":"","patiotime_single_custom_mobile_menu_source":"","patiotime_single_custom_mobile_menu":"0","patiotime_single_custom_mobile_menu_animation":"","patiotime_single_custom_mobile_menu_width":"","patiotime_single_custom_mobile_menu_custom_width":375,"footnotes":""},"class_list":["post-803","page","type-page","status-publish","hentry"],"yoast_head":"<!-- This site is optimized with the Yoast SEO plugin v27.1.1 - https:\/\/yoast.com\/product\/yoast-seo-wordpress\/ -->\n<title>Legal Notice - La Muralla Moj\u00e1car<\/title>\n<meta name=\"robots\" content=\"index, follow, max-snippet:-1, max-image-preview:large, max-video-preview:-1\" \/>\n<link rel=\"canonical\" href=\"https:\/\/www.lamurallamojacar.es\/en\/legal-notice\/\" \/>\n<meta property=\"og:locale\" content=\"en_US\" \/>\n<meta property=\"og:type\" content=\"article\" \/>\n<meta property=\"og:title\" content=\"Legal Notice - La Muralla Moj\u00e1car\" \/>\n<meta property=\"og:description\" content=\"Legal Notice LEGAL NOTICE: Data collection on the website (LSSICE + LOPD) In compliance with the General Data Protection Regulation (EU) 2016\/679 of the European Parliament and of the Council of April 27, 2016 and the organic law 3\/2018 of December 5 on the Protection of Personal Data and Guarantee of Digital Rights, we inform ...\" \/>\n<meta property=\"og:url\" content=\"https:\/\/www.lamurallamojacar.es\/en\/legal-notice\/\" \/>\n<meta property=\"og:site_name\" content=\"La Muralla Moj\u00e1car\" \/>\n<meta property=\"article:modified_time\" content=\"2024-05-15T08:35:33+00:00\" \/>\n<meta name=\"twitter:card\" content=\"summary_large_image\" \/>\n<meta name=\"twitter:label1\" content=\"Est. reading time\" \/>\n\t<meta name=\"twitter:data1\" content=\"4 minutes\" \/>\n<script type=\"application\/ld+json\" class=\"yoast-schema-graph\">{\"@context\":\"https:\/\/schema.org\",\"@graph\":[{\"@type\":\"WebPage\",\"@id\":\"https:\/\/www.lamurallamojacar.es\/en\/legal-notice\/\",\"url\":\"https:\/\/www.lamurallamojacar.es\/en\/legal-notice\/\",\"name\":\"Legal Notice - La Muralla Moj\u00e1car\",\"isPartOf\":{\"@id\":\"https:\/\/www.lamurallamojacar.es\/#website\"},\"datePublished\":\"2024-04-29T15:19:56+00:00\",\"dateModified\":\"2024-05-15T08:35:33+00:00\",\"breadcrumb\":{\"@id\":\"https:\/\/www.lamurallamojacar.es\/en\/legal-notice\/#breadcrumb\"},\"inLanguage\":\"en-US\",\"potentialAction\":[{\"@type\":\"ReadAction\",\"target\":[\"https:\/\/www.lamurallamojacar.es\/en\/legal-notice\/\"]}]},{\"@type\":\"BreadcrumbList\",\"@id\":\"https:\/\/www.lamurallamojacar.es\/en\/legal-notice\/#breadcrumb\",\"itemListElement\":[{\"@type\":\"ListItem\",\"position\":1,\"name\":\"Portada\",\"item\":\"https:\/\/www.lamurallamojacar.es\/en\/\"},{\"@type\":\"ListItem\",\"position\":2,\"name\":\"Legal Notice\"}]},{\"@type\":\"WebSite\",\"@id\":\"https:\/\/www.lamurallamojacar.es\/#website\",\"url\":\"https:\/\/www.lamurallamojacar.es\/\",\"name\":\"La Muralla Moj\u00e1car\",\"description\":\"Sabor Mediterr\u00e1neo en Moj\u00e1car Pueblo\",\"publisher\":{\"@id\":\"https:\/\/www.lamurallamojacar.es\/#organization\"},\"potentialAction\":[{\"@type\":\"SearchAction\",\"target\":{\"@type\":\"EntryPoint\",\"urlTemplate\":\"https:\/\/www.lamurallamojacar.es\/?s={search_term_string}\"},\"query-input\":{\"@type\":\"PropertyValueSpecification\",\"valueRequired\":true,\"valueName\":\"search_term_string\"}}],\"inLanguage\":\"en-US\"},{\"@type\":\"Organization\",\"@id\":\"https:\/\/www.lamurallamojacar.es\/#organization\",\"name\":\"La Muralla Moj\u00e1car\",\"url\":\"https:\/\/www.lamurallamojacar.es\/\",\"logo\":{\"@type\":\"ImageObject\",\"inLanguage\":\"en-US\",\"@id\":\"https:\/\/www.lamurallamojacar.es\/#\/schema\/logo\/image\/\",\"url\":\"https:\/\/www.lamurallamojacar.es\/wp-content\/uploads\/2024\/04\/logo.png\",\"contentUrl\":\"https:\/\/www.lamurallamojacar.es\/wp-content\/uploads\/2024\/04\/logo.png\",\"width\":200,\"height\":106,\"caption\":\"La Muralla Moj\u00e1car\"},\"image\":{\"@id\":\"https:\/\/www.lamurallamojacar.es\/#\/schema\/logo\/image\/\"}}]}<\/script>\n<!-- \/ Yoast SEO plugin. -->","yoast_head_json":{"title":"Legal Notice - La Muralla Moj\u00e1car","robots":{"index":"index","follow":"follow","max-snippet":"max-snippet:-1","max-image-preview":"max-image-preview:large","max-video-preview":"max-video-preview:-1"},"canonical":"https:\/\/www.lamurallamojacar.es\/en\/legal-notice\/","og_locale":"en_US","og_type":"article","og_title":"Legal Notice - La Muralla Moj\u00e1car","og_description":"Legal Notice LEGAL NOTICE: Data collection on the website (LSSICE + LOPD) In compliance with the General Data Protection Regulation (EU) 2016\/679 of the European Parliament and of the Council of April 27, 2016 and the organic law 3\/2018 of December 5 on the Protection of Personal Data and Guarantee of Digital Rights, we inform ...","og_url":"https:\/\/www.lamurallamojacar.es\/en\/legal-notice\/","og_site_name":"La Muralla Moj\u00e1car","article_modified_time":"2024-05-15T08:35:33+00:00","twitter_card":"summary_large_image","twitter_misc":{"Est. reading time":"4 minutes"},"schema":{"@context":"https:\/\/schema.org","@graph":[{"@type":"WebPage","@id":"https:\/\/www.lamurallamojacar.es\/en\/legal-notice\/","url":"https:\/\/www.lamurallamojacar.es\/en\/legal-notice\/","name":"Legal Notice - La Muralla Moj\u00e1car","isPartOf":{"@id":"https:\/\/www.lamurallamojacar.es\/#website"},"datePublished":"2024-04-29T15:19:56+00:00","dateModified":"2024-05-15T08:35:33+00:00","breadcrumb":{"@id":"https:\/\/www.lamurallamojacar.es\/en\/legal-notice\/#breadcrumb"},"inLanguage":"en-US","potentialAction":[{"@type":"ReadAction","target":["https:\/\/www.lamurallamojacar.es\/en\/legal-notice\/"]}]},{"@type":"BreadcrumbList","@id":"https:\/\/www.lamurallamojacar.es\/en\/legal-notice\/#breadcrumb","itemListElement":[{"@type":"ListItem","position":1,"name":"Portada","item":"https:\/\/www.lamurallamojacar.es\/en\/"},{"@type":"ListItem","position":2,"name":"Legal Notice"}]},{"@type":"WebSite","@id":"https:\/\/www.lamurallamojacar.es\/#website","url":"https:\/\/www.lamurallamojacar.es\/","name":"La Muralla Moj\u00e1car","description":"Sabor Mediterr\u00e1neo en Moj\u00e1car Pueblo","publisher":{"@id":"https:\/\/www.lamurallamojacar.es\/#organization"},"potentialAction":[{"@type":"SearchAction","target":{"@type":"EntryPoint","urlTemplate":"https:\/\/www.lamurallamojacar.es\/?s={search_term_string}"},"query-input":{"@type":"PropertyValueSpecification","valueRequired":true,"valueName":"search_term_string"}}],"inLanguage":"en-US"},{"@type":"Organization","@id":"https:\/\/www.lamurallamojacar.es\/#organization","name":"La Muralla Moj\u00e1car","url":"https:\/\/www.lamurallamojacar.es\/","logo":{"@type":"ImageObject","inLanguage":"en-US","@id":"https:\/\/www.lamurallamojacar.es\/#\/schema\/logo\/image\/","url":"https:\/\/www.lamurallamojacar.es\/wp-content\/uploads\/2024\/04\/logo.png","contentUrl":"https:\/\/www.lamurallamojacar.es\/wp-content\/uploads\/2024\/04\/logo.png","width":200,"height":106,"caption":"La Muralla Moj\u00e1car"},"image":{"@id":"https:\/\/www.lamurallamojacar.es\/#\/schema\/logo\/image\/"}}]}},"_links":{"self":[{"href":"https:\/\/www.lamurallamojacar.es\/en\/wp-json\/wp\/v2\/pages\/803","targetHints":{"allow":["GET"]}}],"collection":[{"href":"https:\/\/www.lamurallamojacar.es\/en\/wp-json\/wp\/v2\/pages"}],"about":[{"href":"https:\/\/www.lamurallamojacar.es\/en\/wp-json\/wp\/v2\/types\/page"}],"author":[{"embeddable":true,"href":"https:\/\/www.lamurallamojacar.es\/en\/wp-json\/wp\/v2\/users\/1"}],"replies":[{"embeddable":true,"href":"https:\/\/www.lamurallamojacar.es\/en\/wp-json\/wp\/v2\/comments?post=803"}],"version-history":[{"count":2,"href":"https:\/\/www.lamurallamojacar.es\/en\/wp-json\/wp\/v2\/pages\/803\/revisions"}],"predecessor-version":[{"id":843,"href":"https:\/\/www.lamurallamojacar.es\/en\/wp-json\/wp\/v2\/pages\/803\/revisions\/843"}],"wp:attachment":[{"href":"https:\/\/www.lamurallamojacar.es\/en\/wp-json\/wp\/v2\/media?parent=803"}],"curies":[{"name":"wp","href":"https:\/\/api.w.org\/{rel}","templated":true}]}}