{"id":1348,"date":"2024-04-29T17:18:59","date_gmt":"2024-04-29T15:18:59","guid":{"rendered":"https:\/\/www.lamurallamojacar.es\/reservierungen\/"},"modified":"2025-03-18T09:41:19","modified_gmt":"2025-03-18T08:41:19","slug":"reservierungen","status":"publish","type":"page","link":"https:\/\/www.lamurallamojacar.es\/de\/reservierungen\/","title":{"rendered":"Reservierungen"},"content":{"rendered":"\t\t<div data-elementor-type=\"wp-page\" data-elementor-id=\"1348\" class=\"elementor elementor-1348 elementor-311\" data-elementor-post-type=\"page\">\n\t\t\t\t\t\t<section class=\"elementor-section elementor-top-section elementor-element elementor-element-02bfd8b elementor-section-height-min-height pt-section-content-fullwidth pt_scroll_y_90 pt-parallax-on-scroll elementor-section-boxed elementor-section-height-default elementor-section-items-middle\" data-id=\"02bfd8b\" data-element_type=\"section\" data-settings=\"{&quot;background_background&quot;:&quot;classic&quot;,&quot;shape_divider_bottom&quot;:&quot;mountains&quot;}\" data-pt-parallax-y=\"90\" style=\"background-image: none;\" data-pt-background-image=\"https:\/\/www.lamurallamojacar.es\/wp-content\/uploads\/2024\/04\/slider2.jpg\">\n\t\t\t\t\t\t\t<div class=\"elementor-background-overlay\"><\/div>\n\t\t\t\t\t\t<div class=\"elementor-shape elementor-shape-bottom\" data-negative=\"false\">\n\t\t\t<svg xmlns=\"http:\/\/www.w3.org\/2000\/svg\" viewBox=\"0 0 1000 100\" preserveAspectRatio=\"none\">\n\t<path class=\"elementor-shape-fill\" opacity=\"0.33\" d=\"M473,67.3c-203.9,88.3-263.1-34-320.3,0C66,119.1,0,59.7,0,59.7V0h1000v59.7 c0,0-62.1,26.1-94.9,29.3c-32.8,3.3-62.8-12.3-75.8-22.1C806,49.6,745.3,8.7,694.9,4.7S492.4,59,473,67.3z\"\/>\n\t<path class=\"elementor-shape-fill\" opacity=\"0.66\" d=\"M734,67.3c-45.5,0-77.2-23.2-129.1-39.1c-28.6-8.7-150.3-10.1-254,39.1 s-91.7-34.4-149.2,0C115.7,118.3,0,39.8,0,39.8V0h1000v36.5c0,0-28.2-18.5-92.1-18.5C810.2,18.1,775.7,67.3,734,67.3z\"\/>\n\t<path class=\"elementor-shape-fill\" d=\"M766.1,28.9c-200-57.5-266,65.5-395.1,19.5C242,1.8,242,5.4,184.8,20.6C128,35.8,132.3,44.9,89.9,52.5C28.6,63.7,0,0,0,0 h1000c0,0-9.9,40.9-83.6,48.1S829.6,47,766.1,28.9z\"\/>\n<\/svg>\t\t<\/div>\n\t\t\t\t\t<div class=\"elementor-container elementor-column-gap-default\">\n\t\t\t\t\t<div class=\"elementor-column elementor-col-100 elementor-top-column elementor-element elementor-element-3c2b9c4\" data-id=\"3c2b9c4\" data-element_type=\"column\">\n\t\t\t<div class=\"elementor-widget-wrap elementor-element-populated\">\n\t\t\t\t\t\t<div class=\"elementor-element elementor-element-f3228b9 elementor-widget elementor-widget-pt_title\" data-id=\"f3228b9\" data-element_type=\"widget\" data-widget_type=\"pt_title.default\">\n\t\t\t\t<div class=\"elementor-widget-container\">\n\t\t\t\n        <div class=\"pt-title-wrap text-center\">\t            <h1 class=\"pt-title\">\n\t                Reservierungen\t            <\/h1>        <\/div>\t\t<\/div>\n\t\t\t\t<\/div>\n\t\t\t\t\t<\/div>\n\t\t<\/div>\n\t\t\t\t\t<\/div>\n\t\t<\/section>\n\t\t\t\t<section class=\"elementor-section elementor-top-section elementor-element elementor-element-4b19b9a elementor-section-boxed elementor-section-height-default elementor-section-height-default\" data-id=\"4b19b9a\" data-element_type=\"section\">\n\t\t\t\t\t\t<div class=\"elementor-container elementor-column-gap-no\">\n\t\t\t\t\t<div class=\"elementor-column elementor-col-25 elementor-top-column elementor-element elementor-element-33ea1bd\" data-id=\"33ea1bd\" data-element_type=\"column\" data-settings=\"{&quot;background_background&quot;:&quot;classic&quot;}\">\n\t\t\t<div class=\"elementor-widget-wrap elementor-element-populated\">\n\t\t\t\t\t<div class=\"elementor-background-overlay\"><\/div>\n\t\t\t\t\t\t<div class=\"elementor-element elementor-element-8b925de elementor-widget elementor-widget-pt_title\" data-id=\"8b925de\" data-element_type=\"widget\" data-widget_type=\"pt_title.default\">\n\t\t\t\t<div class=\"elementor-widget-container\">\n\t\t\t\n        <div class=\"pt-title-wrap text-center\">\t            <h4 class=\"pt-title color-primary\">\n\t                Adresse\t            <\/h4>\t            <div class=\"pt-title-text\">\n\t                <p>Stra\u00dfe Arcos de Luciana, s\/n<br \/>\n04638 Mojacar<br \/>\nAlmeria<\/p>\n<p>Telefon: +34 950 472 928<\/p>\n\t            <\/div>                <div class=\"pt-title-btn\">\n                    <a class=\"button elementor-button-link pt-btn-underline\" role=\"button\" href=\"https:\/\/www.google.com\/maps\/place\/Restaurante+La+Muralla\/@37.1401557,-1.8523489,17z\/data=!3m1!4b1!4m6!3m5!1s0xd7ad7b890f80849:0xfadc1beed9292a93!8m2!3d37.1401557!4d-1.8523489!16s%2Fg%2F11b6_prrng?entry=ttu\" target=\"_blank\">\n                        <span class=\"pt-btn-text\">Siehe auf Google MAPS<\/span>\n                    <\/a>\n                <\/div>\n                    <\/div>\t\t<\/div>\n\t\t\t\t<\/div>\n\t\t\t\t\t<\/div>\n\t\t<\/div>\n\t\t\t\t<div class=\"elementor-column elementor-col-50 elementor-top-column elementor-element elementor-element-eb39a8a\" data-id=\"eb39a8a\" data-element_type=\"column\" data-settings=\"{&quot;background_background&quot;:&quot;classic&quot;}\">\n\t\t\t<div class=\"elementor-widget-wrap elementor-element-populated\">\n\t\t\t\t\t<div class=\"elementor-background-overlay\"><\/div>\n\t\t\t\t\t\t<div class=\"elementor-element elementor-element-24244a8 elementor-widget elementor-widget-pt_title\" data-id=\"24244a8\" data-element_type=\"widget\" data-widget_type=\"pt_title.default\">\n\t\t\t\t<div class=\"elementor-widget-container\">\n\t\t\t\n        <div class=\"pt-title-wrap text-center\">\t            <div class=\"pt-subtitle-wrap\"><span class=\"pt-subtitle\">Online-Buchung<\/span><\/div>\t            <h4 class=\"pt-title\">\n\t                Reservieren Sie Ihren Tisch\t            <\/h4>        <\/div>\t\t<\/div>\n\t\t\t\t<\/div>\n\t\t\t\t<div class=\"elementor-element elementor-element-e2981af elementor-widget elementor-widget-pt_form_cf7\" data-id=\"e2981af\" data-element_type=\"widget\" data-widget_type=\"pt_form_cf7.default\">\n\t\t\t\t<div class=\"elementor-widget-container\">\n\t\t\t            <div class=\"pt-form-cf7 placeholder-normal\">\n                <div class=\"pt-form-cf7-wrap\">\n<div class=\"wpcf7 no-js\" id=\"wpcf7-f1367-o1\" lang=\"es-ES\" dir=\"ltr\" data-wpcf7-id=\"1367\">\n<div class=\"screen-reader-response\"><p role=\"status\" aria-live=\"polite\" aria-atomic=\"true\"><\/p> <ul><\/ul><\/div>\n<form action=\"\/de\/wp-json\/wp\/v2\/pages\/1348#wpcf7-f1367-o1\" method=\"post\" class=\"wpcf7-form init\" aria-label=\"Formulario de contacto\" novalidate=\"novalidate\" data-status=\"init\">\n<fieldset class=\"hidden-fields-container\"><input type=\"hidden\" name=\"_wpcf7\" value=\"1367\" \/><input type=\"hidden\" name=\"_wpcf7_version\" value=\"6.1.5\" \/><input type=\"hidden\" name=\"_wpcf7_locale\" value=\"es_ES\" \/><input type=\"hidden\" name=\"_wpcf7_unit_tag\" value=\"wpcf7-f1367-o1\" \/><input type=\"hidden\" name=\"_wpcf7_container_post\" value=\"0\" \/><input type=\"hidden\" name=\"_wpcf7_posted_data_hash\" value=\"\" \/><input type=\"hidden\" name=\"_wpcf7_recaptcha_response\" value=\"\" \/>\n<\/fieldset>\n<div class=\"row\">\n\t<div class=\"col-1-3 select-wrap\">\n\t\t<p><span class=\"wpcf7-form-control-wrap\" data-name=\"partySize\"><select class=\"wpcf7-form-control wpcf7-select wpcf7-validates-as-required\" aria-required=\"true\" aria-invalid=\"false\" name=\"partySize\"><option value=\"1 Person\">1 Person<\/option><option value=\"2 Personen\">2 Personen<\/option><option value=\"3 Personen\">3 Personen<\/option><option value=\"4 Personen\">4 Personen<\/option><option value=\"5 Personen\">5 Personen<\/option><option value=\"6 Personen\">6 Personen<\/option><option value=\"7 Personen\">7 Personen<\/option><option value=\"8 Personen\">8 Personen<\/option><option value=\"9 Personen\">9 Personen<\/option><option value=\"10 Personen\">10 Personen<\/option><option value=\"11 Personen\">11 Personen<\/option><option value=\"12 Personen\">12 Personen<\/option><option value=\"13 Personen\">13 Personen<\/option><option value=\"14 Personen\">14 Personen<\/option><option value=\"15 Personen\">15 Personen<\/option><option value=\"16 Personen\">16 Personen<\/option><option value=\"17 Personen\">17 Personen<\/option><option value=\"18 Personen\">18 Personen<\/option><option value=\"19 Personen\">19 Personen<\/option><option value=\"20 Personen\">20 Personen<\/option><\/select><\/span>\n\t\t<\/p>\n\t<\/div>\n\t<div class=\"col-1-3\">\n\t\t<p><label>Datum<\/label><br \/>\n<span class=\"wpcf7-form-control-wrap\" data-name=\"start-date\"><input class=\"wpcf7-form-control wpcf7-date wpcf7-validates-as-required wpcf7-validates-as-date\" min=\"2026-03-20\" max=\"2026-09-27\" aria-required=\"true\" aria-invalid=\"false\" value=\"2026-05-08\" type=\"date\" name=\"start-date\" \/><\/span>\n\t\t<\/p>\n\t<\/div>\n\t<div class=\"col-1-3 select-wrap\">\n\t\t<p><span class=\"wpcf7-form-control-wrap\" data-name=\"ResTime\"><select class=\"wpcf7-form-control wpcf7-select wpcf7-validates-as-required\" id=\"horario1\" aria-required=\"true\" aria-invalid=\"false\" name=\"ResTime\"><option value=\"13:00 PM\">13:00 PM<\/option><option value=\"13:30 PM\">13:30 PM<\/option><option value=\"14:00 PM\">14:00 PM<\/option><option value=\"14:30 PM\">14:30 PM<\/option><option value=\"15:00 PM\">15:00 PM<\/option><option value=\"15:30 PM\">15:30 PM<\/option><option value=\"20:00 PM\">20:00 PM<\/option><option value=\"20:30 PM\">20:30 PM<\/option><option value=\"21:00 PM\">21:00 PM<\/option><option value=\"21:30 PM\">21:30 PM<\/option><option value=\"22:00 PM\">22:00 PM<\/option><option value=\"22:30 PM\">22:30 PM<\/option><\/select><\/span>\n\t\t<\/p>\n\t<\/div>\n<\/div>\n<div class=\"row\">\n\t<div class=\"col-1-3\">\n\t\t<p><span class=\"wpcf7-form-control-wrap\" data-name=\"text-160\"><input size=\"40\" maxlength=\"400\" class=\"wpcf7-form-control wpcf7-text wpcf7-validates-as-required\" aria-required=\"true\" aria-invalid=\"false\" placeholder=\"Ihr Name\" value=\"\" type=\"text\" name=\"text-160\" \/><\/span>\n\t\t<\/p>\n\t<\/div>\n\t<div class=\"col-1-3\">\n\t\t<p><span class=\"wpcf7-form-control-wrap\" data-name=\"email-324\"><input size=\"40\" maxlength=\"400\" class=\"wpcf7-form-control wpcf7-email wpcf7-validates-as-required wpcf7-text wpcf7-validates-as-email\" aria-required=\"true\" aria-invalid=\"false\" placeholder=\"Ihre E-Mail\" value=\"\" type=\"email\" name=\"email-324\" \/><\/span>\n\t\t<\/p>\n\t<\/div>\n\t<div class=\"col-1-3\">\n\t\t<p><span class=\"wpcf7-form-control-wrap\" data-name=\"tel-364\"><input size=\"40\" maxlength=\"400\" class=\"wpcf7-form-control wpcf7-tel wpcf7-validates-as-required wpcf7-text wpcf7-validates-as-tel\" aria-required=\"true\" aria-invalid=\"false\" placeholder=\"Ihr Telefon\" value=\"\" type=\"tel\" name=\"tel-364\" \/><\/span>\n\t\t<\/p>\n\t<\/div>\n<\/div>\n<p><span class=\"wpcf7-form-control-wrap\" data-name=\"textarea-50\"><textarea cols=\"40\" rows=\"10\" maxlength=\"2000\" class=\"wpcf7-form-control wpcf7-textarea\" aria-invalid=\"false\" placeholder=\"M\u00f6chten Sie eine Notiz hinterlassen?\" name=\"textarea-50\"><\/textarea><\/span>\n<\/p>\n<p><label><span class=\"wpcf7-form-control-wrap\" data-name=\"acceptance-280\"><span class=\"wpcf7-form-control wpcf7-acceptance optional\"><span class=\"wpcf7-list-item\"><input type=\"checkbox\" name=\"acceptance-280\" value=\"1\" aria-invalid=\"false\" \/><\/span><\/span><\/span> Ich akzeptiere die <a style=\"color:#b5a283; text-decoration:underline;\" target=\"_blank\" href=\"https:\/\/www.lamurallamojacar.es\/de\/datenschutzrichtlinie\/\">Datenschutzbestimm<\/a> ungen des Restaurante La Muralla Moj\u00e1car und die Verwendung meiner Daten.<\/label>\n<\/p>\n<p><b>Wichtiger Hinweis: <\/b>Ein Mitglied unseres Restaurants wird die Reservierung per E-Mail best\u00e4tigen. Bis dahin gilt die Reservierung nicht als best\u00e4tigt.\n<\/p>\n<p class=\"text-center\"><input class=\"wpcf7-form-control wpcf7-submit has-spinner\" type=\"submit\" value=\"Reservieren\" \/>\n<\/p><div class=\"wpcf7-response-output\" aria-hidden=\"true\"><\/div>\n<\/form>\n<\/div>\n<\/div>\n            <\/div>\t\t<\/div>\n\t\t\t\t<\/div>\n\t\t\t\t\t<\/div>\n\t\t<\/div>\n\t\t\t\t<div class=\"elementor-column elementor-col-25 elementor-top-column elementor-element elementor-element-d859c7e\" data-id=\"d859c7e\" data-element_type=\"column\" data-settings=\"{&quot;background_background&quot;:&quot;classic&quot;}\">\n\t\t\t<div class=\"elementor-widget-wrap elementor-element-populated\">\n\t\t\t\t\t<div class=\"elementor-background-overlay\"><\/div>\n\t\t\t\t\t\t<div class=\"elementor-element elementor-element-aec7a6e elementor-widget elementor-widget-pt_title\" data-id=\"aec7a6e\" data-element_type=\"widget\" data-widget_type=\"pt_title.default\">\n\t\t\t\t<div class=\"elementor-widget-container\">\n\t\t\t\n        <div class=\"pt-title-wrap text-center\">\t            <h4 class=\"pt-title color-primary\">\n\t                Zeitplan\t            <\/h4>\t            <div class=\"pt-title-text\">\n\t                <p><strong>Mittagessen<\/strong><br \/>Dienstag \u2013 Sonntag<br \/>12:30 bis 15:30 Uhr<\/p>\n<p><strong>Abendessen<\/strong><br \/>Dienstag \u2013 Sonntag<br \/>19:30 bis 23:30 Uhr<\/p>\n\t            <\/div>        <\/div>\t\t<\/div>\n\t\t\t\t<\/div>\n\t\t\t\t\t<\/div>\n\t\t<\/div>\n\t\t\t\t\t<\/div>\n\t\t<\/section>\n\t\t\t\t<\/div>\n\t\t","protected":false},"excerpt":{"rendered":"<p>Reservierungen Adresse Stra\u00dfe Arcos de Luciana, s\/n 04638 Mojacar Almeria Telefon: +34 950 472 928 Siehe auf Google MAPS Online-Buchung Reservieren Sie Ihren Tisch 1 Person2 Personen3 Personen4 Personen5 Personen6 Personen7 Personen8 Personen9 Personen10 Personen11 Personen12 Personen13 Personen14 Personen15 Personen16 Personen17 Personen18 Personen19 Personen20 Personen 13:00 PM13:30 PM14:00 PM14:30 PM15:00 PM15:30 PM20:00 PM20:30 PM21:00 PM21:30 &#8230;<\/p>\n","protected":false},"author":1,"featured_media":0,"parent":0,"menu_order":0,"comment_status":"closed","ping_status":"closed","template":"template-wide-content.php","meta":{"patiotime_single_page_hide_site_header":"","patiotime_single_page_site_header_source":"","patiotime_single_page_custom_site_header":"0","patiotime_single_page_custom_sticky_site_header":"0","patiotime_single_page_custom_page_title_margin_top_source":"","patiotime_single_page_custom_page_title_desktop_margin_top":"","patiotime_single_page_custom_page_title_tablet_margin_top":"","patiotime_single_page_custom_page_title_mobile_margin_top":"","patiotime_single_page_hide_page_title":"on","patiotime_single_page_header_section_size":"","patiotime_single_page_header_background_color":"","patiotime_single_page_header_background_position_x":"center","patiotime_single_page_header_background_position_y":"center","patiotime_single_page_header_background_size":"cover","patiotime_single_page_header_background_repeat":"off","patiotime_single_page_header_background_scroll":"on","patiotime_single_page_header_text_color":"","patiotime_single_page_header_show_breadcrumb":"","patiotime_single_page_site_footer_hide_main":"","patiotime_single_custom_site_footer_main_source":"","patiotime_single_custom_site_footer_main":"0","patiotime_single_page_site_footer_hide_above":"","patiotime_single_custom_site_footer_above_source":"","patiotime_single_custom_site_footer_above":"0","patiotime_single_page_site_footer_hide_instagram":"","patiotime_single_page_site_footer_hide_bottom":"","patiotime_single_custom_mobile_menu_source":"","patiotime_single_custom_mobile_menu":"0","patiotime_single_custom_mobile_menu_animation":"","patiotime_single_custom_mobile_menu_width":"","patiotime_single_custom_mobile_menu_custom_width":375,"footnotes":""},"class_list":["post-1348","page","type-page","status-publish","hentry"],"yoast_head":"<!-- This site is optimized with the Yoast SEO plugin v27.1.1 - https:\/\/yoast.com\/product\/yoast-seo-wordpress\/ -->\n<title>Reservierungen - La Muralla Moj\u00e1car<\/title>\n<meta name=\"robots\" content=\"index, follow, max-snippet:-1, max-image-preview:large, max-video-preview:-1\" \/>\n<link rel=\"canonical\" href=\"https:\/\/www.lamurallamojacar.es\/de\/reservierungen\/\" \/>\n<meta property=\"og:locale\" content=\"de_DE\" \/>\n<meta property=\"og:type\" content=\"article\" \/>\n<meta property=\"og:title\" content=\"Reservierungen - La Muralla Moj\u00e1car\" \/>\n<meta property=\"og:description\" content=\"Reservierungen Adresse Stra\u00dfe Arcos de Luciana, s\/n 04638 Mojacar Almeria Telefon: +34 950 472 928 Siehe auf Google MAPS Online-Buchung Reservieren Sie Ihren Tisch 1 Person2 Personen3 Personen4 Personen5 Personen6 Personen7 Personen8 Personen9 Personen10 Personen11 Personen12 Personen13 Personen14 Personen15 Personen16 Personen17 Personen18 Personen19 Personen20 Personen 13:00 PM13:30 PM14:00 PM14:30 PM15:00 PM15:30 PM20:00 PM20:30 PM21:00 PM21:30 ...\" \/>\n<meta property=\"og:url\" content=\"https:\/\/www.lamurallamojacar.es\/de\/reservierungen\/\" \/>\n<meta property=\"og:site_name\" content=\"La Muralla Moj\u00e1car\" \/>\n<meta property=\"article:modified_time\" content=\"2025-03-18T08:41:19+00:00\" \/>\n<meta name=\"twitter:card\" content=\"summary_large_image\" \/>\n<meta name=\"twitter:label1\" content=\"Gesch\u00e4tzte Lesezeit\" \/>\n\t<meta name=\"twitter:data1\" content=\"1\u00a0Minute\" \/>\n<script type=\"application\/ld+json\" class=\"yoast-schema-graph\">{\"@context\":\"https:\/\/schema.org\",\"@graph\":[{\"@type\":\"WebPage\",\"@id\":\"https:\/\/www.lamurallamojacar.es\/de\/reservierungen\/\",\"url\":\"https:\/\/www.lamurallamojacar.es\/de\/reservierungen\/\",\"name\":\"Reservierungen - La Muralla Moj\u00e1car\",\"isPartOf\":{\"@id\":\"https:\/\/www.lamurallamojacar.es\/#website\"},\"datePublished\":\"2024-04-29T15:18:59+00:00\",\"dateModified\":\"2025-03-18T08:41:19+00:00\",\"breadcrumb\":{\"@id\":\"https:\/\/www.lamurallamojacar.es\/de\/reservierungen\/#breadcrumb\"},\"inLanguage\":\"de\",\"potentialAction\":[{\"@type\":\"ReadAction\",\"target\":[\"https:\/\/www.lamurallamojacar.es\/de\/reservierungen\/\"]}]},{\"@type\":\"BreadcrumbList\",\"@id\":\"https:\/\/www.lamurallamojacar.es\/de\/reservierungen\/#breadcrumb\",\"itemListElement\":[{\"@type\":\"ListItem\",\"position\":1,\"name\":\"Portada\",\"item\":\"https:\/\/www.lamurallamojacar.es\/de\/\"},{\"@type\":\"ListItem\",\"position\":2,\"name\":\"Reservierungen\"}]},{\"@type\":\"WebSite\",\"@id\":\"https:\/\/www.lamurallamojacar.es\/#website\",\"url\":\"https:\/\/www.lamurallamojacar.es\/\",\"name\":\"La Muralla Moj\u00e1car\",\"description\":\"Sabor Mediterr\u00e1neo en Moj\u00e1car Pueblo\",\"publisher\":{\"@id\":\"https:\/\/www.lamurallamojacar.es\/#organization\"},\"potentialAction\":[{\"@type\":\"SearchAction\",\"target\":{\"@type\":\"EntryPoint\",\"urlTemplate\":\"https:\/\/www.lamurallamojacar.es\/?s={search_term_string}\"},\"query-input\":{\"@type\":\"PropertyValueSpecification\",\"valueRequired\":true,\"valueName\":\"search_term_string\"}}],\"inLanguage\":\"de\"},{\"@type\":\"Organization\",\"@id\":\"https:\/\/www.lamurallamojacar.es\/#organization\",\"name\":\"La Muralla Moj\u00e1car\",\"url\":\"https:\/\/www.lamurallamojacar.es\/\",\"logo\":{\"@type\":\"ImageObject\",\"inLanguage\":\"de\",\"@id\":\"https:\/\/www.lamurallamojacar.es\/#\/schema\/logo\/image\/\",\"url\":\"https:\/\/www.lamurallamojacar.es\/wp-content\/uploads\/2024\/04\/logo.png\",\"contentUrl\":\"https:\/\/www.lamurallamojacar.es\/wp-content\/uploads\/2024\/04\/logo.png\",\"width\":200,\"height\":106,\"caption\":\"La Muralla Moj\u00e1car\"},\"image\":{\"@id\":\"https:\/\/www.lamurallamojacar.es\/#\/schema\/logo\/image\/\"}}]}<\/script>\n<!-- \/ Yoast SEO plugin. -->","yoast_head_json":{"title":"Reservierungen - La Muralla Moj\u00e1car","robots":{"index":"index","follow":"follow","max-snippet":"max-snippet:-1","max-image-preview":"max-image-preview:large","max-video-preview":"max-video-preview:-1"},"canonical":"https:\/\/www.lamurallamojacar.es\/de\/reservierungen\/","og_locale":"de_DE","og_type":"article","og_title":"Reservierungen - La Muralla Moj\u00e1car","og_description":"Reservierungen Adresse Stra\u00dfe Arcos de Luciana, s\/n 04638 Mojacar Almeria Telefon: +34 950 472 928 Siehe auf Google MAPS Online-Buchung Reservieren Sie Ihren Tisch 1 Person2 Personen3 Personen4 Personen5 Personen6 Personen7 Personen8 Personen9 Personen10 Personen11 Personen12 Personen13 Personen14 Personen15 Personen16 Personen17 Personen18 Personen19 Personen20 Personen 13:00 PM13:30 PM14:00 PM14:30 PM15:00 PM15:30 PM20:00 PM20:30 PM21:00 PM21:30 ...","og_url":"https:\/\/www.lamurallamojacar.es\/de\/reservierungen\/","og_site_name":"La Muralla Moj\u00e1car","article_modified_time":"2025-03-18T08:41:19+00:00","twitter_card":"summary_large_image","twitter_misc":{"Gesch\u00e4tzte Lesezeit":"1\u00a0Minute"},"schema":{"@context":"https:\/\/schema.org","@graph":[{"@type":"WebPage","@id":"https:\/\/www.lamurallamojacar.es\/de\/reservierungen\/","url":"https:\/\/www.lamurallamojacar.es\/de\/reservierungen\/","name":"Reservierungen - La Muralla Moj\u00e1car","isPartOf":{"@id":"https:\/\/www.lamurallamojacar.es\/#website"},"datePublished":"2024-04-29T15:18:59+00:00","dateModified":"2025-03-18T08:41:19+00:00","breadcrumb":{"@id":"https:\/\/www.lamurallamojacar.es\/de\/reservierungen\/#breadcrumb"},"inLanguage":"de","potentialAction":[{"@type":"ReadAction","target":["https:\/\/www.lamurallamojacar.es\/de\/reservierungen\/"]}]},{"@type":"BreadcrumbList","@id":"https:\/\/www.lamurallamojacar.es\/de\/reservierungen\/#breadcrumb","itemListElement":[{"@type":"ListItem","position":1,"name":"Portada","item":"https:\/\/www.lamurallamojacar.es\/de\/"},{"@type":"ListItem","position":2,"name":"Reservierungen"}]},{"@type":"WebSite","@id":"https:\/\/www.lamurallamojacar.es\/#website","url":"https:\/\/www.lamurallamojacar.es\/","name":"La Muralla Moj\u00e1car","description":"Sabor Mediterr\u00e1neo en Moj\u00e1car Pueblo","publisher":{"@id":"https:\/\/www.lamurallamojacar.es\/#organization"},"potentialAction":[{"@type":"SearchAction","target":{"@type":"EntryPoint","urlTemplate":"https:\/\/www.lamurallamojacar.es\/?s={search_term_string}"},"query-input":{"@type":"PropertyValueSpecification","valueRequired":true,"valueName":"search_term_string"}}],"inLanguage":"de"},{"@type":"Organization","@id":"https:\/\/www.lamurallamojacar.es\/#organization","name":"La Muralla Moj\u00e1car","url":"https:\/\/www.lamurallamojacar.es\/","logo":{"@type":"ImageObject","inLanguage":"de","@id":"https:\/\/www.lamurallamojacar.es\/#\/schema\/logo\/image\/","url":"https:\/\/www.lamurallamojacar.es\/wp-content\/uploads\/2024\/04\/logo.png","contentUrl":"https:\/\/www.lamurallamojacar.es\/wp-content\/uploads\/2024\/04\/logo.png","width":200,"height":106,"caption":"La Muralla Moj\u00e1car"},"image":{"@id":"https:\/\/www.lamurallamojacar.es\/#\/schema\/logo\/image\/"}}]}},"_links":{"self":[{"href":"https:\/\/www.lamurallamojacar.es\/de\/wp-json\/wp\/v2\/pages\/1348","targetHints":{"allow":["GET"]}}],"collection":[{"href":"https:\/\/www.lamurallamojacar.es\/de\/wp-json\/wp\/v2\/pages"}],"about":[{"href":"https:\/\/www.lamurallamojacar.es\/de\/wp-json\/wp\/v2\/types\/page"}],"author":[{"embeddable":true,"href":"https:\/\/www.lamurallamojacar.es\/de\/wp-json\/wp\/v2\/users\/1"}],"replies":[{"embeddable":true,"href":"https:\/\/www.lamurallamojacar.es\/de\/wp-json\/wp\/v2\/comments?post=1348"}],"version-history":[{"count":5,"href":"https:\/\/www.lamurallamojacar.es\/de\/wp-json\/wp\/v2\/pages\/1348\/revisions"}],"predecessor-version":[{"id":1430,"href":"https:\/\/www.lamurallamojacar.es\/de\/wp-json\/wp\/v2\/pages\/1348\/revisions\/1430"}],"wp:attachment":[{"href":"https:\/\/www.lamurallamojacar.es\/de\/wp-json\/wp\/v2\/media?parent=1348"}],"curies":[{"name":"wp","href":"https:\/\/api.w.org\/{rel}","templated":true}]}}