{"id":1321,"date":"2024-04-29T17:19:56","date_gmt":"2024-04-29T15:19:56","guid":{"rendered":"https:\/\/www.lamurallamojacar.es\/rechtlicher-hinweis\/"},"modified":"2025-03-18T09:40:26","modified_gmt":"2025-03-18T08:40:26","slug":"rechtlicher-hinweis","status":"publish","type":"page","link":"https:\/\/www.lamurallamojacar.es\/de\/rechtlicher-hinweis\/","title":{"rendered":"Rechtlicher Hinweis"},"content":{"rendered":"\t\t<div data-elementor-type=\"wp-page\" data-elementor-id=\"1321\" class=\"elementor elementor-1321 elementor-314\" data-elementor-post-type=\"page\">\n\t\t\t\t\t\t<section class=\"elementor-section elementor-top-section elementor-element elementor-element-84bcfd3 elementor-section-height-min-height pt-section-content-fullwidth pt_scroll_y_90 pt-parallax-on-scroll elementor-section-boxed elementor-section-height-default elementor-section-items-middle\" data-id=\"84bcfd3\" data-element_type=\"section\" data-settings=\"{&quot;background_background&quot;:&quot;classic&quot;,&quot;shape_divider_bottom&quot;:&quot;mountains&quot;}\" data-pt-parallax-y=\"90\" style=\"background-image: none;\" data-pt-background-image=\"https:\/\/www.lamurallamojacar.es\/wp-content\/uploads\/2024\/04\/slider2.jpg\">\n\t\t\t\t\t\t\t<div class=\"elementor-background-overlay\"><\/div>\n\t\t\t\t\t\t<div class=\"elementor-shape elementor-shape-bottom\" data-negative=\"false\">\n\t\t\t<svg xmlns=\"http:\/\/www.w3.org\/2000\/svg\" viewBox=\"0 0 1000 100\" preserveAspectRatio=\"none\">\n\t<path class=\"elementor-shape-fill\" opacity=\"0.33\" d=\"M473,67.3c-203.9,88.3-263.1-34-320.3,0C66,119.1,0,59.7,0,59.7V0h1000v59.7 c0,0-62.1,26.1-94.9,29.3c-32.8,3.3-62.8-12.3-75.8-22.1C806,49.6,745.3,8.7,694.9,4.7S492.4,59,473,67.3z\"\/>\n\t<path class=\"elementor-shape-fill\" opacity=\"0.66\" d=\"M734,67.3c-45.5,0-77.2-23.2-129.1-39.1c-28.6-8.7-150.3-10.1-254,39.1 s-91.7-34.4-149.2,0C115.7,118.3,0,39.8,0,39.8V0h1000v36.5c0,0-28.2-18.5-92.1-18.5C810.2,18.1,775.7,67.3,734,67.3z\"\/>\n\t<path class=\"elementor-shape-fill\" d=\"M766.1,28.9c-200-57.5-266,65.5-395.1,19.5C242,1.8,242,5.4,184.8,20.6C128,35.8,132.3,44.9,89.9,52.5C28.6,63.7,0,0,0,0 h1000c0,0-9.9,40.9-83.6,48.1S829.6,47,766.1,28.9z\"\/>\n<\/svg>\t\t<\/div>\n\t\t\t\t\t<div class=\"elementor-container elementor-column-gap-default\">\n\t\t\t\t\t<div class=\"elementor-column elementor-col-100 elementor-top-column elementor-element elementor-element-a2956a0\" data-id=\"a2956a0\" data-element_type=\"column\">\n\t\t\t<div class=\"elementor-widget-wrap elementor-element-populated\">\n\t\t\t\t\t\t<div class=\"elementor-element elementor-element-dc80cbf elementor-widget elementor-widget-pt_title\" data-id=\"dc80cbf\" data-element_type=\"widget\" data-widget_type=\"pt_title.default\">\n\t\t\t\t<div class=\"elementor-widget-container\">\n\t\t\t\n        <div class=\"pt-title-wrap text-center\">\t            <h1 class=\"pt-title\">\n\t                Rechtlicher Hinweis\r\n\t            <\/h1>        <\/div>\t\t<\/div>\n\t\t\t\t<\/div>\n\t\t\t\t\t<\/div>\n\t\t<\/div>\n\t\t\t\t\t<\/div>\n\t\t<\/section>\n\t\t\t\t<section class=\"elementor-section elementor-top-section elementor-element elementor-element-dcbe5b4 elementor-section-boxed elementor-section-height-default elementor-section-height-default\" data-id=\"dcbe5b4\" data-element_type=\"section\">\n\t\t\t\t\t\t<div class=\"elementor-container elementor-column-gap-default\">\n\t\t\t\t\t<div class=\"elementor-column elementor-col-100 elementor-top-column elementor-element elementor-element-cf7ab79\" data-id=\"cf7ab79\" data-element_type=\"column\">\n\t\t\t<div class=\"elementor-widget-wrap elementor-element-populated\">\n\t\t\t\t\t\t<div class=\"elementor-element elementor-element-5034463 elementor-widget elementor-widget-text-editor\" data-id=\"5034463\" data-element_type=\"widget\" data-widget_type=\"text-editor.default\">\n\t\t\t\t<div class=\"elementor-widget-container\">\n\t\t\t<style>\/*! elementor - v3.20.0 - 26-03-2024 *\/\n.elementor-widget-text-editor.elementor-drop-cap-view-stacked .elementor-drop-cap{background-color:#69727d;color:#fff}.elementor-widget-text-editor.elementor-drop-cap-view-framed .elementor-drop-cap{color:#69727d;border:3px solid;background-color:transparent}.elementor-widget-text-editor:not(.elementor-drop-cap-view-default) .elementor-drop-cap{margin-top:8px}.elementor-widget-text-editor:not(.elementor-drop-cap-view-default) .elementor-drop-cap-letter{width:1em;height:1em}.elementor-widget-text-editor .elementor-drop-cap{float:left;text-align:center;line-height:1;font-size:50px}.elementor-widget-text-editor .elementor-drop-cap-letter{display:inline-block}<\/style>\t\t\t\t<h3><strong>RECHTLICHER HINWEIS: Datenerfassung auf der Website (LSSICE + LOPD)<\/strong><\/h3><p>In \u00dcbereinstimmung mit der Datenschutz-Grundverordnung (EU) 2016\/679 des Europ\u00e4ischen Parlaments und des Rates vom 27. April 2016 und dem Organgesetz 3\/2018 vom 5. Dezember zum Schutz personenbezogener Daten und zur Gew\u00e4hrleistung digitaler Rechte informieren wir Sie dar\u00fcber, dass die von Ihnen angegebenen Daten von MARINA NUEVO SIGLO S.L. verarbeitet werden. mit CIF B04607966, mit Adresse in MOJACAR (ALMER\u00cdA), C.P. 04638, CALLE ARCOS DE LUCIANA N\u00ba 1, um Ihnen die gew\u00fcnschte und\/oder vertraglich vereinbarte Leistung zu erbringen und diese in Rechnung zu stellen.<\/p><p>Rechtsgrundlage f\u00fcr die Verarbeitung Ihrer Daten ist die Durchf\u00fchrung der von Ihnen beauftragten und\/oder gew\u00fcnschten Dienstleistung. Das voraussichtliche Angebot von Produkten und Dienstleistungen basiert auf der angeforderten Einwilligung, ohne dass der Widerruf dieser Einwilligung in jedem Fall die Vertragserf\u00fcllung bedingt.<\/p><p>Die bereitgestellten Daten werden so lange aufbewahrt, wie die Gesch\u00e4ftsbeziehung aufrechterhalten wird oder f\u00fcr die Jahre, die zur Erf\u00fcllung gesetzlicher Verpflichtungen erforderlich sind. Eine Weitergabe der Daten an Dritte erfolgt nicht, sofern keine gesetzliche Verpflichtung besteht.<\/p><p>Sie haben das Recht, eine Best\u00e4tigung dar\u00fcber zu erhalten, ob MARINA NUEVO SIGLO S.L. Wir verarbeiten Ihre personenbezogenen Daten und daher haben Sie das Recht, Ihre Rechte auf Zugang, Berichtigung, Einschr\u00e4nkung der Verarbeitung, \u00dcbertragbarkeit, Widerspruch gegen die Verarbeitung und L\u00f6schung Ihrer Daten auszu\u00fcben, indem Sie an die oben genannte Postadresse oder per E-Mail an pemomi1@yahoo.es schreiben und in beiden F\u00e4llen eine Kopie Ihres Personalausweises beif\u00fcgen, sowie das Recht, eine Beschwerde bei der Kontrollbeh\u00f6rde (aepd.es) einzureichen.<\/p><p>Wir bitten Sie auch um Ihre Genehmigung, Ihnen Produkte und Dienstleistungen anzubieten, die mit den von unserem Unternehmen angeforderten, bereitgestellten und\/oder vermarkteten Produkten und Dienstleistungen in Zusammenhang stehen, und so die Kundenbindung aufzubauen.<\/p>\t\t\t\t\t\t<\/div>\n\t\t\t\t<\/div>\n\t\t\t\t\t<\/div>\n\t\t<\/div>\n\t\t\t\t\t<\/div>\n\t\t<\/section>\n\t\t\t\t<section class=\"elementor-section elementor-top-section elementor-element elementor-element-21fb4ba elementor-section-boxed elementor-section-height-default elementor-section-height-default\" data-id=\"21fb4ba\" data-element_type=\"section\">\n\t\t\t\t\t\t<div class=\"elementor-container elementor-column-gap-default\">\n\t\t\t\t\t<div class=\"elementor-column elementor-col-100 elementor-top-column elementor-element elementor-element-b483b05\" data-id=\"b483b05\" data-element_type=\"column\">\n\t\t\t<div class=\"elementor-widget-wrap elementor-element-populated\">\n\t\t\t\t\t\t<div class=\"elementor-element elementor-element-a4ce3bb elementor-widget elementor-widget-text-editor\" data-id=\"a4ce3bb\" data-element_type=\"widget\" data-widget_type=\"text-editor.default\">\n\t\t\t\t<div class=\"elementor-widget-container\">\n\t\t\t\t\t\t\t<h3><strong>1.) IDENTIFIZIERUNG DES DIENSTLEISTERS<\/strong><\/h3><p>In \u00dcbereinstimmung mit der Pflicht zur allgemeinen Information, die in Artikel 10 des Gesetzes 34\/2002 vom 11. Juli \u00fcber Dienste der Informationsgesellschaft und den elektronischen Handel enthalten ist, m\u00fcssen Anbieter von Diensten der Informationsgesellschaft folgende Daten bereitstellen:<\/p><p>Der Eigent\u00fcmer der Website www.lamurallamojacar.es ist Marina Nuevo Siglo S.L. mit der N.I.F.: B04607966 und der Adresse Calle Arco de Luciana, s\/n, 04638 Moj\u00e1car, Almer\u00eda.<\/p>\t\t\t\t\t\t<\/div>\n\t\t\t\t<\/div>\n\t\t\t\t\t<\/div>\n\t\t<\/div>\n\t\t\t\t\t<\/div>\n\t\t<\/section>\n\t\t\t\t<section class=\"elementor-section elementor-top-section elementor-element elementor-element-7769faa elementor-section-boxed elementor-section-height-default elementor-section-height-default\" data-id=\"7769faa\" data-element_type=\"section\">\n\t\t\t\t\t\t<div class=\"elementor-container elementor-column-gap-default\">\n\t\t\t\t\t<div class=\"elementor-column elementor-col-100 elementor-top-column elementor-element elementor-element-fdc6bc1\" data-id=\"fdc6bc1\" data-element_type=\"column\">\n\t\t\t<div class=\"elementor-widget-wrap elementor-element-populated\">\n\t\t\t\t\t\t<div class=\"elementor-element elementor-element-dbfd0ca elementor-widget elementor-widget-text-editor\" data-id=\"dbfd0ca\" data-element_type=\"widget\" data-widget_type=\"text-editor.default\">\n\t\t\t\t<div class=\"elementor-widget-container\">\n\t\t\t\t\t\t\t<h3><strong>2.) HINWEIS ZUR DATENSCHUTZRICHTLINIE:<\/strong><\/h3>\nIm Sinne der Bestimmungen des Organgesetzes 15\/1999 vom 13. Dezember \u00fcber den Schutz personenbezogener Daten (LOPD) informieren wir die Nutzer dar\u00fcber, dass die freiwillig eingegebenen personenbezogenen Daten in der Datei des Web-Kontaktformulars gespeichert werden, deren Zweck darin besteht, dass <strong>La Muralla<\/strong> ihnen die Dienste anbieten kann, die ihren Bed\u00fcrfnissen und Vorlieben am besten entsprechen.\n\n<strong>La Muralla<\/strong> garantiert die Sicherheit und Vertraulichkeit der bereitgestellten Daten. Auf diese Weise verpflichtet es sich, seiner Verpflichtung zur Geheimhaltung personenbezogener Daten und seiner Pflicht zur Speicherung dieser Daten nachzukommen und alle erforderlichen Ma\u00dfnahmen zu ergreifen, um deren \u00c4nderung, Verlust, Verarbeitung oder unbefugte Nutzung zu verhindern. Daher werden alle von Ihnen bereitgestellten Informationen nicht an Dritte weitergegeben, au\u00dfer in F\u00e4llen, in denen dies aufgrund einer gesetzlichen Verpflichtung oder zur ordnungsgem\u00e4\u00dfen Erbringung der vertraglich vereinbarten Dienstleistungen erforderlich ist.\n\nSie k\u00f6nnen Ihr Recht auf Zugang, Berichtigung, L\u00f6schung und Widerspruch jederzeit aus\u00fcben, indem Sie dies schriftlich an unsere E-Mail-Adresse senden: <strong>info@lamurallamojacar.es<\/strong>\t\t\t\t\t\t<\/div>\n\t\t\t\t<\/div>\n\t\t\t\t\t<\/div>\n\t\t<\/div>\n\t\t\t\t\t<\/div>\n\t\t<\/section>\n\t\t\t\t<section class=\"elementor-section elementor-top-section elementor-element elementor-element-b387108 elementor-section-boxed elementor-section-height-default elementor-section-height-default\" data-id=\"b387108\" data-element_type=\"section\">\n\t\t\t\t\t\t<div class=\"elementor-container elementor-column-gap-default\">\n\t\t\t\t\t<div class=\"elementor-column elementor-col-100 elementor-top-column elementor-element elementor-element-af68b26\" data-id=\"af68b26\" data-element_type=\"column\">\n\t\t\t<div class=\"elementor-widget-wrap elementor-element-populated\">\n\t\t\t\t\t\t<div class=\"elementor-element elementor-element-a9675d6 elementor-widget elementor-widget-text-editor\" data-id=\"a9675d6\" data-element_type=\"widget\" data-widget_type=\"text-editor.default\">\n\t\t\t\t<div class=\"elementor-widget-container\">\n\t\t\t\t\t\t\t<h3><strong>3.) SONSTIGES:<\/strong><\/h3><p><strong>A.-<\/strong> <strong>La Muralla<\/strong> verwendet Cookies, die auf Ihrem Computer gespeichert werden. Cookies sind kleine Dateien, die unser Computer an Ihren sendet, die uns jedoch keine Informationen \u00fcber Ihren Namen oder Ihre pers\u00f6nlichen Daten liefern. Wenn der Benutzer die Webseiten von <strong>La Muralla<\/strong> durchsucht, erkennt der Server, auf dem sie gehostet wird, automatisch die IP-Adresse seines Computers, den Tag und die Uhrzeit, an dem der Besuch beginnt, an dem er den Besuch abbricht, sowie Informationen \u00fcber die verschiedenen konsultierten Abschnitte. Es ist notwendig, dass der Server diese Daten kennt, um kommunizieren und die gestellte Anfrage senden zu k\u00f6nnen, und dass sie \u00fcber den Browser auf dem Bildschirm angezeigt werden k\u00f6nnen.<\/p><p><strong>B.- La Muralla<\/strong> kann ohne vorherige Ank\u00fcndigung die auf seiner Website enthaltenen Informationen sowie deren Konfiguration und Pr\u00e4sentation \u00e4ndern.<\/p><p><strong>C.- La Muralla<\/strong> ist nicht verantwortlich f\u00fcr die Nichteinhaltung geltender Regeln, die dem Benutzer durch den Zugriff auf die Website und\/oder die Nutzung der darin enthaltenen Informationen entstehen k\u00f6nnen.<\/p>\t\t\t\t\t\t<\/div>\n\t\t\t\t<\/div>\n\t\t\t\t\t<\/div>\n\t\t<\/div>\n\t\t\t\t\t<\/div>\n\t\t<\/section>\n\t\t\t\t<\/div>\n\t\t","protected":false},"excerpt":{"rendered":"<p>Rechtlicher Hinweis RECHTLICHER HINWEIS: Datenerfassung auf der Website (LSSICE + LOPD) In \u00dcbereinstimmung mit der Datenschutz-Grundverordnung (EU) 2016\/679 des Europ\u00e4ischen Parlaments und des Rates vom 27. April 2016 und dem Organgesetz 3\/2018 vom 5. Dezember zum Schutz personenbezogener Daten und zur Gew\u00e4hrleistung digitaler Rechte informieren wir Sie dar\u00fcber, dass die von Ihnen angegebenen Daten von &#8230;<\/p>\n","protected":false},"author":1,"featured_media":0,"parent":0,"menu_order":0,"comment_status":"closed","ping_status":"closed","template":"template-wide-content.php","meta":{"patiotime_single_page_hide_site_header":"","patiotime_single_page_site_header_source":"","patiotime_single_page_custom_site_header":"0","patiotime_single_page_custom_sticky_site_header":"0","patiotime_single_page_custom_page_title_margin_top_source":"","patiotime_single_page_custom_page_title_desktop_margin_top":"","patiotime_single_page_custom_page_title_tablet_margin_top":"","patiotime_single_page_custom_page_title_mobile_margin_top":"","patiotime_single_page_hide_page_title":"on","patiotime_single_page_header_section_size":"","patiotime_single_page_header_background_color":"","patiotime_single_page_header_background_position_x":"center","patiotime_single_page_header_background_position_y":"center","patiotime_single_page_header_background_size":"cover","patiotime_single_page_header_background_repeat":"off","patiotime_single_page_header_background_scroll":"on","patiotime_single_page_header_text_color":"","patiotime_single_page_header_show_breadcrumb":"","patiotime_single_page_site_footer_hide_main":"","patiotime_single_custom_site_footer_main_source":"","patiotime_single_custom_site_footer_main":"0","patiotime_single_page_site_footer_hide_above":"","patiotime_single_custom_site_footer_above_source":"","patiotime_single_custom_site_footer_above":"0","patiotime_single_page_site_footer_hide_instagram":"","patiotime_single_page_site_footer_hide_bottom":"","patiotime_single_custom_mobile_menu_source":"","patiotime_single_custom_mobile_menu":"0","patiotime_single_custom_mobile_menu_animation":"","patiotime_single_custom_mobile_menu_width":"","patiotime_single_custom_mobile_menu_custom_width":375,"footnotes":""},"class_list":["post-1321","page","type-page","status-publish","hentry"],"yoast_head":"<!-- This site is optimized with the Yoast SEO plugin v27.1.1 - https:\/\/yoast.com\/product\/yoast-seo-wordpress\/ -->\n<title>Rechtlicher Hinweis - La Muralla Moj\u00e1car<\/title>\n<meta name=\"robots\" content=\"index, follow, max-snippet:-1, max-image-preview:large, max-video-preview:-1\" \/>\n<link rel=\"canonical\" href=\"https:\/\/www.lamurallamojacar.es\/de\/rechtlicher-hinweis\/\" \/>\n<meta property=\"og:locale\" content=\"de_DE\" \/>\n<meta property=\"og:type\" content=\"article\" \/>\n<meta property=\"og:title\" content=\"Rechtlicher Hinweis - La Muralla Moj\u00e1car\" \/>\n<meta property=\"og:description\" content=\"Rechtlicher Hinweis RECHTLICHER HINWEIS: Datenerfassung auf der Website (LSSICE + LOPD) In \u00dcbereinstimmung mit der Datenschutz-Grundverordnung (EU) 2016\/679 des Europ\u00e4ischen Parlaments und des Rates vom 27. April 2016 und dem Organgesetz 3\/2018 vom 5. Dezember zum Schutz personenbezogener Daten und zur Gew\u00e4hrleistung digitaler Rechte informieren wir Sie dar\u00fcber, dass die von Ihnen angegebenen Daten von ...\" \/>\n<meta property=\"og:url\" content=\"https:\/\/www.lamurallamojacar.es\/de\/rechtlicher-hinweis\/\" \/>\n<meta property=\"og:site_name\" content=\"La Muralla Moj\u00e1car\" \/>\n<meta property=\"article:modified_time\" content=\"2025-03-18T08:40:26+00:00\" \/>\n<meta name=\"twitter:card\" content=\"summary_large_image\" \/>\n<meta name=\"twitter:label1\" content=\"Gesch\u00e4tzte Lesezeit\" \/>\n\t<meta name=\"twitter:data1\" content=\"4\u00a0Minuten\" \/>\n<script type=\"application\/ld+json\" class=\"yoast-schema-graph\">{\"@context\":\"https:\/\/schema.org\",\"@graph\":[{\"@type\":\"WebPage\",\"@id\":\"https:\/\/www.lamurallamojacar.es\/de\/rechtlicher-hinweis\/\",\"url\":\"https:\/\/www.lamurallamojacar.es\/de\/rechtlicher-hinweis\/\",\"name\":\"Rechtlicher Hinweis - La Muralla Moj\u00e1car\",\"isPartOf\":{\"@id\":\"https:\/\/www.lamurallamojacar.es\/#website\"},\"datePublished\":\"2024-04-29T15:19:56+00:00\",\"dateModified\":\"2025-03-18T08:40:26+00:00\",\"breadcrumb\":{\"@id\":\"https:\/\/www.lamurallamojacar.es\/de\/rechtlicher-hinweis\/#breadcrumb\"},\"inLanguage\":\"de\",\"potentialAction\":[{\"@type\":\"ReadAction\",\"target\":[\"https:\/\/www.lamurallamojacar.es\/de\/rechtlicher-hinweis\/\"]}]},{\"@type\":\"BreadcrumbList\",\"@id\":\"https:\/\/www.lamurallamojacar.es\/de\/rechtlicher-hinweis\/#breadcrumb\",\"itemListElement\":[{\"@type\":\"ListItem\",\"position\":1,\"name\":\"Portada\",\"item\":\"https:\/\/www.lamurallamojacar.es\/de\/\"},{\"@type\":\"ListItem\",\"position\":2,\"name\":\"Rechtlicher Hinweis\"}]},{\"@type\":\"WebSite\",\"@id\":\"https:\/\/www.lamurallamojacar.es\/#website\",\"url\":\"https:\/\/www.lamurallamojacar.es\/\",\"name\":\"La Muralla Moj\u00e1car\",\"description\":\"Sabor Mediterr\u00e1neo en Moj\u00e1car Pueblo\",\"publisher\":{\"@id\":\"https:\/\/www.lamurallamojacar.es\/#organization\"},\"potentialAction\":[{\"@type\":\"SearchAction\",\"target\":{\"@type\":\"EntryPoint\",\"urlTemplate\":\"https:\/\/www.lamurallamojacar.es\/?s={search_term_string}\"},\"query-input\":{\"@type\":\"PropertyValueSpecification\",\"valueRequired\":true,\"valueName\":\"search_term_string\"}}],\"inLanguage\":\"de\"},{\"@type\":\"Organization\",\"@id\":\"https:\/\/www.lamurallamojacar.es\/#organization\",\"name\":\"La Muralla Moj\u00e1car\",\"url\":\"https:\/\/www.lamurallamojacar.es\/\",\"logo\":{\"@type\":\"ImageObject\",\"inLanguage\":\"de\",\"@id\":\"https:\/\/www.lamurallamojacar.es\/#\/schema\/logo\/image\/\",\"url\":\"https:\/\/www.lamurallamojacar.es\/wp-content\/uploads\/2024\/04\/logo.png\",\"contentUrl\":\"https:\/\/www.lamurallamojacar.es\/wp-content\/uploads\/2024\/04\/logo.png\",\"width\":200,\"height\":106,\"caption\":\"La Muralla Moj\u00e1car\"},\"image\":{\"@id\":\"https:\/\/www.lamurallamojacar.es\/#\/schema\/logo\/image\/\"}}]}<\/script>\n<!-- \/ Yoast SEO plugin. -->","yoast_head_json":{"title":"Rechtlicher Hinweis - La Muralla Moj\u00e1car","robots":{"index":"index","follow":"follow","max-snippet":"max-snippet:-1","max-image-preview":"max-image-preview:large","max-video-preview":"max-video-preview:-1"},"canonical":"https:\/\/www.lamurallamojacar.es\/de\/rechtlicher-hinweis\/","og_locale":"de_DE","og_type":"article","og_title":"Rechtlicher Hinweis - La Muralla Moj\u00e1car","og_description":"Rechtlicher Hinweis RECHTLICHER HINWEIS: Datenerfassung auf der Website (LSSICE + LOPD) In \u00dcbereinstimmung mit der Datenschutz-Grundverordnung (EU) 2016\/679 des Europ\u00e4ischen Parlaments und des Rates vom 27. April 2016 und dem Organgesetz 3\/2018 vom 5. Dezember zum Schutz personenbezogener Daten und zur Gew\u00e4hrleistung digitaler Rechte informieren wir Sie dar\u00fcber, dass die von Ihnen angegebenen Daten von ...","og_url":"https:\/\/www.lamurallamojacar.es\/de\/rechtlicher-hinweis\/","og_site_name":"La Muralla Moj\u00e1car","article_modified_time":"2025-03-18T08:40:26+00:00","twitter_card":"summary_large_image","twitter_misc":{"Gesch\u00e4tzte Lesezeit":"4\u00a0Minuten"},"schema":{"@context":"https:\/\/schema.org","@graph":[{"@type":"WebPage","@id":"https:\/\/www.lamurallamojacar.es\/de\/rechtlicher-hinweis\/","url":"https:\/\/www.lamurallamojacar.es\/de\/rechtlicher-hinweis\/","name":"Rechtlicher Hinweis - La Muralla Moj\u00e1car","isPartOf":{"@id":"https:\/\/www.lamurallamojacar.es\/#website"},"datePublished":"2024-04-29T15:19:56+00:00","dateModified":"2025-03-18T08:40:26+00:00","breadcrumb":{"@id":"https:\/\/www.lamurallamojacar.es\/de\/rechtlicher-hinweis\/#breadcrumb"},"inLanguage":"de","potentialAction":[{"@type":"ReadAction","target":["https:\/\/www.lamurallamojacar.es\/de\/rechtlicher-hinweis\/"]}]},{"@type":"BreadcrumbList","@id":"https:\/\/www.lamurallamojacar.es\/de\/rechtlicher-hinweis\/#breadcrumb","itemListElement":[{"@type":"ListItem","position":1,"name":"Portada","item":"https:\/\/www.lamurallamojacar.es\/de\/"},{"@type":"ListItem","position":2,"name":"Rechtlicher Hinweis"}]},{"@type":"WebSite","@id":"https:\/\/www.lamurallamojacar.es\/#website","url":"https:\/\/www.lamurallamojacar.es\/","name":"La Muralla Moj\u00e1car","description":"Sabor Mediterr\u00e1neo en Moj\u00e1car Pueblo","publisher":{"@id":"https:\/\/www.lamurallamojacar.es\/#organization"},"potentialAction":[{"@type":"SearchAction","target":{"@type":"EntryPoint","urlTemplate":"https:\/\/www.lamurallamojacar.es\/?s={search_term_string}"},"query-input":{"@type":"PropertyValueSpecification","valueRequired":true,"valueName":"search_term_string"}}],"inLanguage":"de"},{"@type":"Organization","@id":"https:\/\/www.lamurallamojacar.es\/#organization","name":"La Muralla Moj\u00e1car","url":"https:\/\/www.lamurallamojacar.es\/","logo":{"@type":"ImageObject","inLanguage":"de","@id":"https:\/\/www.lamurallamojacar.es\/#\/schema\/logo\/image\/","url":"https:\/\/www.lamurallamojacar.es\/wp-content\/uploads\/2024\/04\/logo.png","contentUrl":"https:\/\/www.lamurallamojacar.es\/wp-content\/uploads\/2024\/04\/logo.png","width":200,"height":106,"caption":"La Muralla Moj\u00e1car"},"image":{"@id":"https:\/\/www.lamurallamojacar.es\/#\/schema\/logo\/image\/"}}]}},"_links":{"self":[{"href":"https:\/\/www.lamurallamojacar.es\/de\/wp-json\/wp\/v2\/pages\/1321","targetHints":{"allow":["GET"]}}],"collection":[{"href":"https:\/\/www.lamurallamojacar.es\/de\/wp-json\/wp\/v2\/pages"}],"about":[{"href":"https:\/\/www.lamurallamojacar.es\/de\/wp-json\/wp\/v2\/types\/page"}],"author":[{"embeddable":true,"href":"https:\/\/www.lamurallamojacar.es\/de\/wp-json\/wp\/v2\/users\/1"}],"replies":[{"embeddable":true,"href":"https:\/\/www.lamurallamojacar.es\/de\/wp-json\/wp\/v2\/comments?post=1321"}],"version-history":[{"count":11,"href":"https:\/\/www.lamurallamojacar.es\/de\/wp-json\/wp\/v2\/pages\/1321\/revisions"}],"predecessor-version":[{"id":1427,"href":"https:\/\/www.lamurallamojacar.es\/de\/wp-json\/wp\/v2\/pages\/1321\/revisions\/1427"}],"wp:attachment":[{"href":"https:\/\/www.lamurallamojacar.es\/de\/wp-json\/wp\/v2\/media?parent=1321"}],"curies":[{"name":"wp","href":"https:\/\/api.w.org\/{rel}","templated":true}]}}